{"id":77,"date":"2024-02-13T16:47:44","date_gmt":"2024-02-13T16:47:44","guid":{"rendered":"https:\/\/thecookingpastor.com\/?page_id=77"},"modified":"2024-04-03T20:05:44","modified_gmt":"2024-04-03T20:05:44","slug":"meine-projekte","status":"publish","type":"page","link":"https:\/\/thecookingpastor.com\/en\/meine-projekte\/","title":{"rendered":"My projects"},"content":{"rendered":"<div class=\"section-wrapper\" data-id=\"H8d2EO\"><section class=\"wp-block-gutenverse-section guten-element guten-section guten-H8d2EO layout-boxed align-stretch\"><div class=\"guten-background-overlay\"><\/div><div class=\"guten-shape-divider guten-shape-divider-top\"><\/div><div class=\"guten-shape-divider guten-shape-divider-bottom\"><\/div><div class=\"guten-container guten-column-gap-default\">\n<div class=\"wp-block-gutenverse-column guten-element guten-column guten-AoWPJO\"><div class=\"guten-background-overlay\"><\/div><div class=\"sticky-wrapper\" data-id=\"AoWPJO\"><div class=\"guten-column-wrapper\">\n<div class=\"section-wrapper\" data-id=\"PVvNz3\"><section class=\"wp-block-gutenverse-section guten-element guten-section guten-PVvNz3 layout-boxed align-stretch\"><div class=\"guten-background-overlay\"><\/div><div class=\"guten-shape-divider guten-shape-divider-top\"><\/div><div class=\"guten-shape-divider guten-shape-divider-bottom\"><\/div><div class=\"guten-container guten-column-gap-no\">\n<div class=\"wp-block-gutenverse-column guten-element guten-column guten-6v8Nk9 animated guten-element-hide desktop-fadeInLeft\"><div class=\"guten-background-overlay\"><\/div><div class=\"sticky-wrapper\" data-id=\"6v8Nk9\"><div class=\"guten-column-wrapper\">\n<div class=\"guten-element guten-spacer guten-PPRAWw\"><\/div>\n<\/div><\/div><\/div>\n\n\n\n<div class=\"wp-block-gutenverse-column guten-element guten-column guten-C2FamW\"><div class=\"guten-background-overlay\"><\/div><div class=\"sticky-wrapper\" data-id=\"C2FamW\"><div class=\"guten-column-wrapper\">\n<h2 class=\"wp-block-gutenverse-heading guten-element guten-rOTdRc animated guten-element-hide desktop-fadeInRight\">OurKitchen Ottensen<\/h2>\n\n\n\n<div class=\"guten-element gutenverse-text-editor guten-H5rWBY animated guten-element-hide desktop-fadeInRight\"><div class=\"text-content-inner\">\n<p>Einmal im Monat \u00f6ffnen wir die T\u00fcren im Hamburger Stadtteil Ottensen und laden alle dazu ein, zusammen zu kochen und zu genie\u00dfen. Ich freue mich, auch dich einmal begr\u00fc\u00dfen zu d\u00fcrfen.<\/p>\n<\/div><\/div>\n\n\n\n<div class=\"guten-element guten-button-wrapper guten-BTgZlT\"><a class=\"guten-button animated guten-element-hide desktop-fadeInRight guten-button-sm\" href=\"#\"><span>More ...<\/span><\/a><\/div>\n<\/div><\/div><\/div>\n<\/div><\/section><\/div>\n<\/div><\/div><\/div>\n<\/div><\/section><\/div>\n\n\n\n<div class=\"section-wrapper\" data-id=\"cMMMMH\"><section class=\"wp-block-gutenverse-section guten-element guten-section guten-cMMMMH layout-boxed align-stretch\"><div class=\"guten-background-overlay\"><\/div><div class=\"guten-shape-divider guten-shape-divider-top\"><\/div><div class=\"guten-shape-divider guten-shape-divider-bottom\"><\/div><div class=\"guten-container guten-column-gap-default\">\n<div class=\"wp-block-gutenverse-column guten-element guten-column guten-ZgShiS\"><div class=\"guten-background-overlay\"><\/div><div class=\"sticky-wrapper\" data-id=\"ZgShiS\"><div class=\"guten-column-wrapper\">\n<div class=\"section-wrapper\" data-id=\"X3FcM2\"><section class=\"wp-block-gutenverse-section guten-element guten-section guten-X3FcM2 layout-boxed align-stretch\"><div class=\"guten-background-overlay\"><\/div><div class=\"guten-shape-divider guten-shape-divider-top\"><\/div><div class=\"guten-shape-divider guten-shape-divider-bottom\"><\/div><div class=\"guten-container guten-column-gap-no\">\n<div class=\"wp-block-gutenverse-column guten-element guten-column guten-w95ooy animated guten-element-hide desktop-fadeInLeft\"><div class=\"guten-background-overlay\"><\/div><div class=\"sticky-wrapper\" data-id=\"w95ooy\"><div class=\"guten-column-wrapper\">\n<div class=\"guten-element guten-spacer guten-X8cm9C\"><\/div>\n<\/div><\/div><\/div>\n\n\n\n<div class=\"wp-block-gutenverse-column guten-element guten-column guten-RRabhs\"><div class=\"guten-background-overlay\"><\/div><div class=\"sticky-wrapper\" data-id=\"RRabhs\"><div class=\"guten-column-wrapper\">\n<h2 class=\"wp-block-gutenverse-heading guten-element guten-04gzZx animated guten-element-hide desktop-fadeInRight\">OurKitchen Grindel<\/h2>\n\n\n\n<div class=\"guten-element gutenverse-text-editor guten-KDBWnw animated guten-element-hide desktop-fadeInRight\"><div class=\"text-content-inner\">\n<p>OurKitchen Grindel findet einmal im Monat, am Freitagabend in der Hamburger Grindelallee satt. Ich freue mich, dich auch einmal begr\u00fc\u00dfen zu d\u00fcrfen.<\/p>\n<\/div><\/div>\n\n\n\n<div class=\"guten-element guten-button-wrapper guten-ZgMBnd\"><a class=\"guten-button animated guten-element-hide desktop-fadeInRight guten-button-sm\" href=\"#\"><span>More ...<\/span><\/a><\/div>\n<\/div><\/div><\/div>\n<\/div><\/section><\/div>\n<\/div><\/div><\/div>\n<\/div><\/section><\/div>\n\n\n\n<div class=\"section-wrapper\" data-id=\"0wVOcU\"><section class=\"wp-block-gutenverse-section guten-element guten-section guten-0wVOcU layout-boxed align-stretch\"><div class=\"guten-background-overlay\"><\/div><div class=\"guten-shape-divider guten-shape-divider-top\"><\/div><div class=\"guten-shape-divider guten-shape-divider-bottom\"><\/div><div class=\"guten-container guten-column-gap-default\">\n<div class=\"wp-block-gutenverse-column guten-element guten-column guten-gHTA7z\"><div class=\"guten-background-overlay\"><\/div><div class=\"sticky-wrapper\" data-id=\"gHTA7z\"><div class=\"guten-column-wrapper\">\n<div class=\"section-wrapper\" data-id=\"97bPm2\"><section class=\"wp-block-gutenverse-section guten-element guten-section guten-97bPm2 layout-boxed align-stretch\"><div class=\"guten-background-overlay\"><\/div><div class=\"guten-shape-divider guten-shape-divider-top\"><\/div><div class=\"guten-shape-divider guten-shape-divider-bottom\"><\/div><div class=\"guten-container guten-column-gap-no\">\n<div class=\"wp-block-gutenverse-column guten-element guten-column guten-0gNNjC animated guten-element-hide desktop-fadeInLeft\"><div class=\"guten-background-overlay\"><\/div><div class=\"sticky-wrapper\" data-id=\"0gNNjC\"><div class=\"guten-column-wrapper\">\n<div class=\"guten-element guten-spacer guten-88Dfyj\"><\/div>\n<\/div><\/div><\/div>\n\n\n\n<div class=\"wp-block-gutenverse-column guten-element guten-column guten-TXEAHH\"><div class=\"guten-background-overlay\"><\/div><div class=\"sticky-wrapper\" data-id=\"TXEAHH\"><div class=\"guten-column-wrapper\">\n<h2 class=\"wp-block-gutenverse-heading guten-element guten-ie1dzK animated guten-element-hide desktop-fadeInRight\">SoulFood<\/h2>\n\n\n\n<div class=\"guten-element gutenverse-text-editor guten-rePpmj animated guten-element-hide desktop-fadeInRight\"><div class=\"text-content-inner\">\n<p>SoulFood ist ein Brunchgottesdienst mit leckerem Essen, tollen Gespr\u00e4chen und einem kurzen Input, der neue Impulse in deinem Leben setzt. Das darfst du nicht verpassen! Also schnapp alle deine Freunde und komm vorbei &#8230;<\/p>\n<\/div><\/div>\n\n\n\n<div class=\"guten-element guten-button-wrapper guten-JvKvMS\"><a class=\"guten-button animated guten-element-hide desktop-fadeInRight guten-button-sm\" href=\"#\"><span>More ...<\/span><\/a><\/div>\n<\/div><\/div><\/div>\n<\/div><\/section><\/div>\n<\/div><\/div><\/div>\n<\/div><\/section><\/div>\n\n\n\n<div class=\"section-wrapper\" data-id=\"SpIAvE\"><section class=\"wp-block-gutenverse-section guten-element guten-section guten-SpIAvE layout-boxed align-stretch\"><div class=\"guten-background-overlay\"><\/div><div class=\"guten-shape-divider guten-shape-divider-top\"><\/div><div class=\"guten-shape-divider guten-shape-divider-bottom\"><\/div><div class=\"guten-container guten-column-gap-default\">\n<div class=\"wp-block-gutenverse-column guten-element guten-column guten-5MGKvG\"><div class=\"guten-background-overlay\"><\/div><div class=\"sticky-wrapper\" data-id=\"5MGKvG\"><div class=\"guten-column-wrapper\">\n<div class=\"section-wrapper\" data-id=\"7QGQ1i\"><section class=\"wp-block-gutenverse-section guten-element guten-section guten-7QGQ1i layout-boxed align-stretch\"><div class=\"guten-background-overlay\"><\/div><div class=\"guten-shape-divider guten-shape-divider-top\"><\/div><div class=\"guten-shape-divider guten-shape-divider-bottom\"><\/div><div class=\"guten-container guten-column-gap-no\">\n<div class=\"wp-block-gutenverse-column guten-element guten-column guten-hC71LZ animated guten-element-hide desktop-fadeInLeft\"><div class=\"guten-background-overlay\"><\/div><div class=\"sticky-wrapper\" data-id=\"hC71LZ\"><div class=\"guten-column-wrapper\">\n<div class=\"guten-element guten-spacer guten-WW3Bs8\"><\/div>\n<\/div><\/div><\/div>\n\n\n\n<div class=\"wp-block-gutenverse-column guten-element guten-column guten-dY6uzN\"><div class=\"guten-background-overlay\"><\/div><div class=\"sticky-wrapper\" data-id=\"dY6uzN\"><div class=\"guten-column-wrapper\">\n<h2 class=\"wp-block-gutenverse-heading guten-element guten-4nDA1Q animated guten-element-hide desktop-fadeInRight\">YouTube<\/h2>\n\n\n\n<div class=\"guten-element gutenverse-text-editor guten-IEAvyz animated guten-element-hide desktop-fadeInRight\"><div class=\"text-content-inner\">\n<p>Seit 2022 bin ich auch auf YouTube als der kochende Pastor zu finden. Regelm\u00e4\u00dfig zeige ich dir dort neue Rezepte mit einer friedvollen Geschmacksnote. Schau gerne vorbei und bringe den Frieden auch zu dir nach Hause&#8230;<\/p>\n<\/div><\/div>\n\n\n\n<div class=\"guten-element guten-button-wrapper guten-1VETOL\"><a class=\"guten-button animated guten-element-hide desktop-fadeInRight guten-button-sm\" href=\"#\"><span>More ...<\/span><\/a><\/div>\n<\/div><\/div><\/div>\n<\/div><\/section><\/div>\n<\/div><\/div><\/div>\n<\/div><\/section><\/div>\n\n\n\n<div class=\"section-wrapper\" data-id=\"A9EPAp\"><section class=\"wp-block-gutenverse-section guten-element guten-section guten-A9EPAp layout-boxed align-stretch\"><div class=\"guten-background-overlay\"><\/div><div class=\"guten-shape-divider guten-shape-divider-top\"><\/div><div class=\"guten-shape-divider guten-shape-divider-bottom\"><\/div><div class=\"guten-container guten-column-gap-default\">\n<div class=\"wp-block-gutenverse-column guten-element guten-column guten-ximwZe\"><div class=\"guten-background-overlay\"><\/div><div class=\"sticky-wrapper\" data-id=\"ximwZe\"><div class=\"guten-column-wrapper\">\n<div class=\"section-wrapper\" data-id=\"BHB1jR\"><section class=\"wp-block-gutenverse-section guten-element guten-section guten-BHB1jR layout-boxed align-stretch\"><div class=\"guten-background-overlay\"><\/div><div class=\"guten-shape-divider guten-shape-divider-top\"><\/div><div class=\"guten-shape-divider guten-shape-divider-bottom\"><\/div><div class=\"guten-container guten-column-gap-no\">\n<div class=\"wp-block-gutenverse-column guten-element guten-column guten-MCJ6LT animated guten-element-hide desktop-fadeInLeft\"><div class=\"guten-background-overlay\"><\/div><div class=\"sticky-wrapper\" data-id=\"MCJ6LT\"><div class=\"guten-column-wrapper\">\n<div class=\"guten-element guten-spacer guten-GgjqpG\"><\/div>\n<\/div><\/div><\/div>\n\n\n\n<div class=\"wp-block-gutenverse-column guten-element guten-column guten-WyhkE4\"><div class=\"guten-background-overlay\"><\/div><div class=\"sticky-wrapper\" data-id=\"WyhkE4\"><div class=\"guten-column-wrapper\">\n<h2 class=\"wp-block-gutenverse-heading guten-element guten-2lkrFO animated guten-element-hide desktop-fadeInRight\">Peace menu<\/h2>\n\n\n\n<div class=\"guten-element gutenverse-text-editor guten-kkMn6S animated guten-element-hide desktop-fadeInRight\"><div class=\"text-content-inner\">\n<p>Regelm\u00e4\u00dfig koche ich Friedensmen\u00fcs bei verschiedenen Gelegenheiten. Dabei kombiniere ich typische Speisen verschiedener im Konflikt stehender Nationen und Volksgruppen um zu zeigen wie Frieden zwischen diesen V\u00f6lkern und Nationen auf einem gemeinsamen Teller schmecken kann.<\/p>\n<\/div><\/div>\n\n\n\n<div class=\"guten-element guten-button-wrapper guten-BJ6jPf\"><a class=\"guten-button animated guten-element-hide desktop-fadeInRight guten-button-sm\" href=\"#\"><span>More ...<\/span><\/a><\/div>\n<\/div><\/div><\/div>\n<\/div><\/section><\/div>\n<\/div><\/div><\/div>\n<\/div><\/section><\/div>","protected":false},"excerpt":{"rendered":"","protected":false},"author":3,"featured_media":21,"parent":0,"menu_order":0,"comment_status":"closed","ping_status":"closed","template":"","meta":{"footnotes":""},"class_list":["post-77","page","type-page","status-publish","has-post-thumbnail","hentry"],"_links":{"self":[{"href":"https:\/\/thecookingpastor.com\/en\/wp-json\/wp\/v2\/pages\/77","targetHints":{"allow":["GET"]}}],"collection":[{"href":"https:\/\/thecookingpastor.com\/en\/wp-json\/wp\/v2\/pages"}],"about":[{"href":"https:\/\/thecookingpastor.com\/en\/wp-json\/wp\/v2\/types\/page"}],"author":[{"embeddable":true,"href":"https:\/\/thecookingpastor.com\/en\/wp-json\/wp\/v2\/users\/3"}],"replies":[{"embeddable":true,"href":"https:\/\/thecookingpastor.com\/en\/wp-json\/wp\/v2\/comments?post=77"}],"version-history":[{"count":5,"href":"https:\/\/thecookingpastor.com\/en\/wp-json\/wp\/v2\/pages\/77\/revisions"}],"predecessor-version":[{"id":349,"href":"https:\/\/thecookingpastor.com\/en\/wp-json\/wp\/v2\/pages\/77\/revisions\/349"}],"wp:featuredmedia":[{"embeddable":true,"href":"https:\/\/thecookingpastor.com\/en\/wp-json\/wp\/v2\/media\/21"}],"wp:attachment":[{"href":"https:\/\/thecookingpastor.com\/en\/wp-json\/wp\/v2\/media?parent=77"}],"curies":[{"name":"wp","href":"https:\/\/api.w.org\/{rel}","templated":true}]}}