{"id":447,"date":"2024-10-12T12:39:39","date_gmt":"2024-10-12T12:39:39","guid":{"rendered":"https:\/\/thecookingpastor.com\/?page_id=447"},"modified":"2025-02-01T17:41:15","modified_gmt":"2025-02-01T17:41:15","slug":"vier-stufen-frieden","status":"publish","type":"page","link":"https:\/\/thecookingpastor.com\/en\/meine-kueche\/vier-stufen-frieden\/","title":{"rendered":"Vier Stufen Frieden"},"content":{"rendered":"<div style=\"height:100px\" aria-hidden=\"true\" class=\"wp-block-spacer\"><\/div>\n\n\n\n<h2 class=\"wp-block-gutenverse-heading guten-element guten-xhjGqs\">Vier Stufen Frieden<\/h2>\n\n\n\n<p><strong>Stufe 1:<\/strong> <a href=\"https:\/\/thecookingpastor.com\/en\/meine-kueche\/vier-stufen-frieden\/schneller-frieden-fuer-kalte-tage\/\" data-type=\"page\" data-id=\"449\">Schneller Frieden f\u00fcr kalte Tage<\/a><\/p>\n\n\n\n<p><strong>Stufe 2:<\/strong> <a href=\"https:\/\/thecookingpastor.com\/en\/meine-kueche\/vier-stufen-frieden\/all-umfassender-frieden\/\" data-type=\"page\" data-id=\"451\">All umfassender Frieden<\/a><\/p>\n\n\n\n<p><strong>Stufe 3:<\/strong> <a href=\"https:\/\/thecookingpastor.com\/en\/meine-kueche\/vier-stufen-frieden\/frieden-fuer-lange-strecken\/\" data-type=\"page\" data-id=\"453\">Frieden f\u00fcr lange Strecken<\/a><\/p>\n\n\n\n<p><strong>Stufe 4:<\/strong> <a href=\"https:\/\/thecookingpastor.com\/en\/meine-kueche\/vier-stufen-frieden\/sauer-macht-lustig\/\" data-type=\"page\" data-id=\"455\">Sauer macht Lustig<\/a><\/p>\n\n\n\n<div style=\"height:30px\" aria-hidden=\"true\" class=\"wp-block-spacer\"><\/div>\n\n\n\n<p>Lass dich von meinen Rezepten inspierieren und bring Frieden in deine K\u00fcche, dein Leben und zu deinen Liebsten.<\/p>\n\n\n\n<div style=\"height:100px\" aria-hidden=\"true\" class=\"wp-block-spacer\"><\/div>","protected":false},"excerpt":{"rendered":"<p>Stufe 1: Schneller Frieden f\u00fcr kalte Tage Stufe 2: All umfassender Frieden Stufe 3: Frieden f\u00fcr lange Strecken Stufe 4: Sauer macht Lustig Lass dich von meinen Rezepten inspierieren und bring Frieden in deine K\u00fcche, dein Leben und zu deinen Liebsten.<\/p>","protected":false},"author":3,"featured_media":0,"parent":439,"menu_order":0,"comment_status":"closed","ping_status":"closed","template":"buch","meta":{"footnotes":""},"class_list":["post-447","page","type-page","status-publish","hentry"],"_links":{"self":[{"href":"https:\/\/thecookingpastor.com\/en\/wp-json\/wp\/v2\/pages\/447","targetHints":{"allow":["GET"]}}],"collection":[{"href":"https:\/\/thecookingpastor.com\/en\/wp-json\/wp\/v2\/pages"}],"about":[{"href":"https:\/\/thecookingpastor.com\/en\/wp-json\/wp\/v2\/types\/page"}],"author":[{"embeddable":true,"href":"https:\/\/thecookingpastor.com\/en\/wp-json\/wp\/v2\/users\/3"}],"replies":[{"embeddable":true,"href":"https:\/\/thecookingpastor.com\/en\/wp-json\/wp\/v2\/comments?post=447"}],"version-history":[{"count":8,"href":"https:\/\/thecookingpastor.com\/en\/wp-json\/wp\/v2\/pages\/447\/revisions"}],"predecessor-version":[{"id":920,"href":"https:\/\/thecookingpastor.com\/en\/wp-json\/wp\/v2\/pages\/447\/revisions\/920"}],"up":[{"embeddable":true,"href":"https:\/\/thecookingpastor.com\/en\/wp-json\/wp\/v2\/pages\/439"}],"wp:attachment":[{"href":"https:\/\/thecookingpastor.com\/en\/wp-json\/wp\/v2\/media?parent=447"}],"curies":[{"name":"wp","href":"https:\/\/api.w.org\/{rel}","templated":true}]}}