{"id":445,"date":"2024-10-12T12:36:49","date_gmt":"2024-10-12T12:36:49","guid":{"rendered":"https:\/\/thecookingpastor.com\/?page_id=445"},"modified":"2025-01-15T13:15:14","modified_gmt":"2025-01-15T13:15:14","slug":"erdbeer-rhabarber-aprikosen","status":"publish","type":"page","link":"https:\/\/thecookingpastor.com\/en\/meine-kueche\/erdbeer-rhabarber-aprikosen\/","title":{"rendered":"Erdbeer-Rhabarber-Aprikosen"},"content":{"rendered":"<h2 class=\"wp-block-gutenverse-heading guten-element guten-piY9qe\">Erdbeer-Rhababer-Aprikosen Crumble<\/h2>\n\n\n\n<h3 class=\"wp-block-gutenverse-heading guten-element guten-OcemP7\">&#8211; ein franz\u00f6sisches Gedicht<\/h3>\n\n\n\n<div class=\"wp-block-columns is-layout-flex wp-container-core-columns-is-layout-28f84493 wp-block-columns-is-layout-flex\">\n<div class=\"wp-block-column is-layout-flow wp-block-column-is-layout-flow\"><\/div>\n\n\n\n<div class=\"wp-block-column is-layout-flow wp-block-column-is-layout-flow\">\n<figure class=\"wp-block-embed is-type-video is-provider-youtube wp-block-embed-youtube wp-embed-aspect-16-9 wp-has-aspect-ratio\"><div class=\"wp-block-embed__wrapper\">\n<iframe loading=\"lazy\" hcb-fetch-image-from=\"https:\/\/www.youtube.com\/watch?v=kBqseDTFwXk\" title=\"Erdbeer-Rhabarber Crumble | Der kochende Pastor | #Hochformat #dessert #rhabarber #erdbeeren\" width=\"500\" height=\"281\" src=\"https:\/\/www.youtube.com\/embed\/kBqseDTFwXk?feature=oembed\" frameborder=\"0\" allow=\"accelerometer; autoplay; clipboard-write; encrypted-media; gyroscope; picture-in-picture; web-share\" referrerpolicy=\"strict-origin-when-cross-origin\" allowfullscreen><\/iframe>\n<\/div><\/figure>\n<\/div>\n\n\n\n<div class=\"wp-block-column is-layout-flow wp-block-column-is-layout-flow\"><\/div>\n<\/div>\n\n\n\n<div class=\"section-wrapper\" data-id=\"607iAF\"><section class=\"wp-block-gutenverse-section guten-element guten-section guten-607iAF layout-boxed align-stretch\"><div class=\"guten-container guten-column-gap-default\">\n<div class=\"wp-block-gutenverse-column guten-element guten-column guten-NMNUDV\"><div class=\"guten-column-wrapper\" data-id=\"NMNUDV\">\n<p>Gott hat uns einzigartig geschaffen mit all unserer Pers\u00f6nlichkeit, Kultur und Nationalit\u00e4t. Wir kommen zusammen und erleben das Sch\u00f6ne, so wie in diesem Crumble verschiedene Obstarten zusammen gemischt werden. Wir k\u00f6nnen diese Vielf\u00e4ltigkeit genie\u00dfen und schmecken. Und so wie das Crumble aus dem Backofen kommt &#8211; so warm und so knusprig &#8211; kann auch die Liebe Gottes sein f\u00fcr dich.<\/p>\n<\/div><\/div>\n<\/div><\/section><\/div>\n\n\n\n<div class=\"wp-block-columns is-layout-flex wp-container-core-columns-is-layout-28f84493 wp-block-columns-is-layout-flex\">\n<div class=\"wp-block-column is-layout-flow wp-block-column-is-layout-flow\" style=\"flex-basis:100%\">\n<div class=\"section-wrapper\" data-id=\"b8N935\"><section class=\"wp-block-gutenverse-section guten-element guten-section guten-b8N935 layout-boxed align-stretch\"><div class=\"guten-container guten-column-gap-default\">\n<div class=\"wp-block-gutenverse-column guten-element guten-column guten-XFTij9\"><div class=\"guten-column-wrapper\" data-id=\"XFTij9\">\n<p><strong>Zutaten:<\/strong><\/p>\n\n\n\n<ul class=\"wp-block-list\">\n<li>500g   Erdbeeren (am besten frisch und reif)<\/li>\n\n\n\n<li>500g   Rababer (auch gerne frisch)<\/li>\n\n\n\n<li>280g   Mehl<\/li>\n\n\n\n<li>200g   Zucker<\/li>\n\n\n\n<li>240g   Butter<\/li>\n\n\n\n<li>4 Pckg Vanillezucker<\/li>\n\n\n\n<li>etwas  Vanillextrakt<\/li>\n<\/ul>\n<\/div><\/div>\n<\/div><\/section><\/div>\n<\/div>\n<\/div>\n\n\n\n<div class=\"section-wrapper\" data-id=\"NTw3wQ\"><section class=\"wp-block-gutenverse-section guten-element guten-section guten-NTw3wQ layout-boxed align-stretch\"><div class=\"guten-container guten-column-gap-default\">\n<div class=\"wp-block-gutenverse-column guten-element guten-column guten-zrts7z\"><div class=\"guten-column-wrapper\" data-id=\"zrts7z\">\n<ol class=\"wp-block-list\">\n<li>Erdbeeren und Rhababer in eine Sch\u00fcssel geben und Vanillezucker, sowie Vanilleextrakt hinzuf\u00fcgen.<\/li>\n\n\n\n<li>Alles durchmischen und in die Backform geben &#8211; falls ihr weiteres Obst habt (z.B. Pfirsiche) k\u00f6nnt ihr dies gerne auch noch hinzuf\u00fcgen<\/li>\n\n\n\n<li>In einer zweiten Sch\u00fcssel Mehl und Zucker zusammenf\u00fcgen<\/li>\n\n\n\n<li>Zum Mehl-Zucker-Gemisch die Butter in kleine St\u00fccke hinzugeben und mit der Hand verkneten, dass br\u00f6ckelige St\u00fccke enstehen<\/li>\n\n\n\n<li>Br\u00f6sel \u00fcber das Obst in der Auflaufform streuen<\/li>\n\n\n\n<li> Ca. 25 Minuten auf 160 Grad Umluft. Die Backform soll in der Mittel des Ofen stehen. Sobald die Oberfl\u00e4che anf\u00e4ngt Farbe zu bekommen, kann man das Blech rausnehmen.<\/li>\n<\/ol>\n<\/div><\/div>\n<\/div><\/section><\/div>","protected":false},"excerpt":{"rendered":"","protected":false},"author":3,"featured_media":0,"parent":439,"menu_order":0,"comment_status":"closed","ping_status":"closed","template":"buch","meta":{"footnotes":""},"class_list":["post-445","page","type-page","status-publish","hentry"],"_links":{"self":[{"href":"https:\/\/thecookingpastor.com\/en\/wp-json\/wp\/v2\/pages\/445","targetHints":{"allow":["GET"]}}],"collection":[{"href":"https:\/\/thecookingpastor.com\/en\/wp-json\/wp\/v2\/pages"}],"about":[{"href":"https:\/\/thecookingpastor.com\/en\/wp-json\/wp\/v2\/types\/page"}],"author":[{"embeddable":true,"href":"https:\/\/thecookingpastor.com\/en\/wp-json\/wp\/v2\/users\/3"}],"replies":[{"embeddable":true,"href":"https:\/\/thecookingpastor.com\/en\/wp-json\/wp\/v2\/comments?post=445"}],"version-history":[{"count":10,"href":"https:\/\/thecookingpastor.com\/en\/wp-json\/wp\/v2\/pages\/445\/revisions"}],"predecessor-version":[{"id":841,"href":"https:\/\/thecookingpastor.com\/en\/wp-json\/wp\/v2\/pages\/445\/revisions\/841"}],"up":[{"embeddable":true,"href":"https:\/\/thecookingpastor.com\/en\/wp-json\/wp\/v2\/pages\/439"}],"wp:attachment":[{"href":"https:\/\/thecookingpastor.com\/en\/wp-json\/wp\/v2\/media?parent=445"}],"curies":[{"name":"wp","href":"https:\/\/api.w.org\/{rel}","templated":true}]}}