{"id":443,"date":"2024-10-12T12:36:19","date_gmt":"2024-10-12T12:36:19","guid":{"rendered":"https:\/\/thecookingpastor.com\/?page_id=443"},"modified":"2025-01-15T13:19:37","modified_gmt":"2025-01-15T13:19:37","slug":"frischkaese","status":"publish","type":"page","link":"https:\/\/thecookingpastor.com\/en\/meine-kueche\/frischkaese\/","title":{"rendered":"Frischk\u00e4se"},"content":{"rendered":"<h2 class=\"wp-block-gutenverse-heading guten-element guten-KCCsCM\">Mein Frischk\u00e4se<\/h2>\n\n\n\n<h3 class=\"wp-block-gutenverse-heading guten-element guten-JBKMKm\"> &#8211; f\u00fcr einen friedlichen Start in den Tag<\/h3>\n\n\n\n<div class=\"wp-block-columns is-layout-flex wp-container-core-columns-is-layout-28f84493 wp-block-columns-is-layout-flex\">\n<div class=\"wp-block-column is-layout-flow wp-block-column-is-layout-flow\"><\/div>\n\n\n\n<div class=\"wp-block-column is-layout-flow wp-block-column-is-layout-flow\">\n<figure class=\"wp-block-embed is-type-video is-provider-youtube wp-block-embed-youtube wp-embed-aspect-16-9 wp-has-aspect-ratio\"><div class=\"wp-block-embed__wrapper\">\n<iframe loading=\"lazy\" hcb-fetch-image-from=\"https:\/\/youtube.com\/shorts\/of_8gOQBVM4\" title=\"Mein Frischk\u00e4se zum Buch\" width=\"500\" height=\"281\" src=\"https:\/\/www.youtube.com\/embed\/of_8gOQBVM4?feature=oembed\" frameborder=\"0\" allow=\"accelerometer; autoplay; clipboard-write; encrypted-media; gyroscope; picture-in-picture; web-share\" referrerpolicy=\"strict-origin-when-cross-origin\" allowfullscreen><\/iframe>\n<\/div><\/figure>\n<\/div>\n\n\n\n<div class=\"wp-block-column is-layout-flow wp-block-column-is-layout-flow\"><\/div>\n<\/div>\n\n\n\n<div class=\"section-wrapper\" data-id=\"QsCQw3\"><section class=\"wp-block-gutenverse-section guten-element guten-section guten-QsCQw3 layout-boxed align-stretch\"><div class=\"guten-container guten-column-gap-default\">\n<div class=\"wp-block-gutenverse-column guten-element guten-column guten-g7cyQ1\"><div class=\"guten-column-wrapper\" data-id=\"g7cyQ1\">\n<p>Wie muss Frieden schmecken? Frieden schmeckt frisch und lecker &#8211; w\u00fcrzige S\u00e4ure, milde Sch\u00e4rfe, fruchtige und leicht bittere Aromen, salzig und s\u00fc\u00df. So schmeckt Frieden f\u00fcr mich &#8211; probiere es aus und bereite meinen Frischk\u00e4se zu. Na was sagst du?<\/p>\n<\/div><\/div>\n<\/div><\/section><\/div>\n\n\n\n<div class=\"wp-block-columns is-layout-flex wp-container-core-columns-is-layout-28f84493 wp-block-columns-is-layout-flex\">\n<div class=\"wp-block-column is-layout-flow wp-block-column-is-layout-flow\" style=\"flex-basis:100%\">\n<div class=\"section-wrapper\" data-id=\"b8N935\"><section class=\"wp-block-gutenverse-section guten-element guten-section guten-b8N935 layout-boxed align-stretch\"><div class=\"guten-container guten-column-gap-default\">\n<div class=\"wp-block-gutenverse-column guten-element guten-column guten-XFTij9\"><div class=\"guten-column-wrapper\" data-id=\"XFTij9\">\n<p><strong>Zutaten:<\/strong><\/p>\n\n\n\n<ul class=\"wp-block-list\">\n<li>350g cremiger Frischk\u00e4se<\/li>\n\n\n\n<li>1 kleine rote Zwiebel<\/li>\n\n\n\n<li>3 Stangen Fr\u00fchlingszwiebeln<\/li>\n\n\n\n<li>3 EL Zitronensaft<\/li>\n\n\n\n<li>3 EL Oliven\u00f6l (gute Qualit\u00e4t sorgt f\u00fcr ein leckeres Ergebnis)<\/li>\n\n\n\n<li>1\/2 TL brauner Zucker<\/li>\n\n\n\n<li>1\/2 TL Salz<\/li>\n<\/ul>\n<\/div><\/div>\n<\/div><\/section><\/div>\n<\/div>\n<\/div>\n\n\n\n<div class=\"section-wrapper\" data-id=\"NTw3wQ\"><section class=\"wp-block-gutenverse-section guten-element guten-section guten-NTw3wQ layout-boxed align-stretch\"><div class=\"guten-container guten-column-gap-default\">\n<div class=\"wp-block-gutenverse-column guten-element guten-column guten-zrts7z\"><div class=\"guten-column-wrapper\" data-id=\"zrts7z\">\n<ol class=\"wp-block-list\">\n<li>Zwiebel in kleine W\u00fcrfel schneiden<\/li>\n\n\n\n<li>\u00c4u\u00dfere Blatt der Lauchzwiebeln entfernen, Wurzeln sowie Teil der gr\u00fcnen Bl\u00e4tter entfernen<\/li>\n\n\n\n<li>Lauchzwiebeln nun in Ringe schneiden<\/li>\n\n\n\n<li>Frischk\u00e4se, Zwiebeln und Lauchzwiebeln vermengen<\/li>\n\n\n\n<li>Oliven\u00f6l und Zitronensaft zum Frischk\u00e4se hinzuf\u00fcgen und vermischen<\/li>\n\n\n\n<li>Nun erst Salz und Zucker dazuf\u00fcgen und nun auch wieder vermischen<\/li>\n\n\n\n<li>Bei Bedarf den Frischk\u00e4se noch mit Oliven\u00f6l betr\u00e4ufeln<\/li>\n<\/ol>\n<\/div><\/div>\n<\/div><\/section><\/div>\n\n\n\n<p><\/p>","protected":false},"excerpt":{"rendered":"","protected":false},"author":3,"featured_media":0,"parent":439,"menu_order":0,"comment_status":"closed","ping_status":"closed","template":"buch","meta":{"footnotes":""},"class_list":["post-443","page","type-page","status-publish","hentry"],"_links":{"self":[{"href":"https:\/\/thecookingpastor.com\/en\/wp-json\/wp\/v2\/pages\/443","targetHints":{"allow":["GET"]}}],"collection":[{"href":"https:\/\/thecookingpastor.com\/en\/wp-json\/wp\/v2\/pages"}],"about":[{"href":"https:\/\/thecookingpastor.com\/en\/wp-json\/wp\/v2\/types\/page"}],"author":[{"embeddable":true,"href":"https:\/\/thecookingpastor.com\/en\/wp-json\/wp\/v2\/users\/3"}],"replies":[{"embeddable":true,"href":"https:\/\/thecookingpastor.com\/en\/wp-json\/wp\/v2\/comments?post=443"}],"version-history":[{"count":14,"href":"https:\/\/thecookingpastor.com\/en\/wp-json\/wp\/v2\/pages\/443\/revisions"}],"predecessor-version":[{"id":869,"href":"https:\/\/thecookingpastor.com\/en\/wp-json\/wp\/v2\/pages\/443\/revisions\/869"}],"up":[{"embeddable":true,"href":"https:\/\/thecookingpastor.com\/en\/wp-json\/wp\/v2\/pages\/439"}],"wp:attachment":[{"href":"https:\/\/thecookingpastor.com\/en\/wp-json\/wp\/v2\/media?parent=443"}],"curies":[{"name":"wp","href":"https:\/\/api.w.org\/{rel}","templated":true}]}}