{"id":439,"date":"2024-10-12T12:23:29","date_gmt":"2024-10-12T12:23:29","guid":{"rendered":"https:\/\/thecookingpastor.com\/?page_id=439"},"modified":"2025-02-08T16:49:40","modified_gmt":"2025-02-08T16:49:40","slug":"meine-kueche","status":"publish","type":"page","link":"https:\/\/thecookingpastor.com\/en\/meine-kueche\/","title":{"rendered":"Meine K\u00fcche"},"content":{"rendered":"<div class=\"section-wrapper\" data-id=\"H8d2EO\"><section class=\"wp-block-gutenverse-section guten-element guten-section guten-H8d2EO layout-boxed align-stretch\"><div class=\"guten-container guten-column-gap-default\">\n<div class=\"wp-block-gutenverse-column guten-element guten-column guten-AoWPJO\"><div class=\"guten-column-wrapper\" data-id=\"AoWPJO\">\n<div class=\"section-wrapper\" data-id=\"PVvNz3\"><section class=\"wp-block-gutenverse-section guten-element guten-section guten-PVvNz3 layout-boxed align-stretch\"><div class=\"guten-container guten-column-gap-no\">\n<div class=\"wp-block-gutenverse-column guten-element guten-column guten-6v8Nk9 animated guten-element-hide desktop-fadeInLeft\"><div class=\"guten-column-wrapper\" data-id=\"6v8Nk9\">\n<div class=\"guten-element guten-spacer guten-PPRAWw\"><\/div>\n<\/div><\/div>\n\n\n\n<div class=\"wp-block-gutenverse-column guten-element guten-column guten-C2FamW\"><div class=\"guten-column-wrapper\" data-id=\"C2FamW\">\n<h2 class=\"wp-block-gutenverse-heading guten-element guten-rOTdRc animated guten-element-hide desktop-fadeInRight\">Jesus, meine K\u00fcche und unser Appetit auf Frieden<\/h2>\n\n\n\n<h3 class=\"wp-block-gutenverse-heading guten-element guten-2TQCde\">Wie du wirklich satt wirst<\/h3>\n\n\n\n<div class=\"guten-element gutenverse-text-editor guten-H5rWBY animated guten-element-hide desktop-fadeInRight\"><div class=\"text-content-inner\">\n<p><strong>\u00bbMeine Kirche ist meine K\u00fcche\u00ab<\/strong><\/p>\n\n\n\n<p><\/p>\n<\/div><\/div>\n\n\n\n<div class=\"guten-element guten-button-wrapper guten-BTgZlT\"><a class=\"guten-button animated guten-element-hide desktop-fadeInRight guten-button-sm\" href=\"https:\/\/www.scm-shop.de\/jesus-meine-kueche-und-unser-appetit-auf-frieden.html\"><span>Buch kaufen<\/span><\/a><\/div>\n<\/div><\/div>\n<\/div><\/section><\/div>\n<\/div><\/div>\n<\/div><\/section><\/div>\n\n\n\n<div class=\"wp-block-columns is-layout-flex wp-container-core-columns-is-layout-28f84493 wp-block-columns-is-layout-flex\">\n<div class=\"wp-block-column is-layout-flow wp-block-column-is-layout-flow\" style=\"flex-basis:25%\"><\/div>\n\n\n\n<div class=\"wp-block-column is-layout-flow wp-block-column-is-layout-flow\" style=\"flex-basis:50%\">\n<figure class=\"wp-block-embed is-type-video is-provider-youtube wp-block-embed-youtube wp-embed-aspect-16-9 wp-has-aspect-ratio\"><div class=\"wp-block-embed__wrapper\">\n<iframe loading=\"lazy\" hcb-fetch-image-from=\"https:\/\/youtu.be\/TRoCDw1kMHk\" title=\"Taste of Peace\" width=\"500\" height=\"281\" src=\"https:\/\/www.youtube.com\/embed\/TRoCDw1kMHk?feature=oembed\" frameborder=\"0\" allow=\"accelerometer; autoplay; clipboard-write; encrypted-media; gyroscope; picture-in-picture; web-share\" referrerpolicy=\"strict-origin-when-cross-origin\" allowfullscreen><\/iframe>\n<\/div><\/figure>\n<\/div>\n\n\n\n<div class=\"wp-block-column is-layout-flow wp-block-column-is-layout-flow\" style=\"flex-basis:25%\"><\/div>\n<\/div>\n\n\n\n<div class=\"section-wrapper\" data-id=\"0xMmj4\"><section class=\"wp-block-gutenverse-section guten-element guten-section guten-0xMmj4 layout-boxed align-stretch\"><div class=\"guten-container guten-column-gap-default\">\n<div class=\"wp-block-gutenverse-column guten-element guten-column guten-JYItSA\"><div class=\"guten-column-wrapper\" data-id=\"JYItSA\">\n<div class=\"section-wrapper\" data-id=\"2vPIkr\"><section class=\"wp-block-gutenverse-section guten-element guten-section guten-2vPIkr layout-boxed align-stretch\"><div class=\"guten-container guten-column-gap-no\">\n<div class=\"wp-block-gutenverse-column guten-element guten-column guten-UNqA2e\"><div class=\"guten-column-wrapper\" data-id=\"UNqA2e\">\n<div class=\"guten-element guten-advanced-heading guten-h2bOdg animated guten-element-hide desktop-fadeInLeft\"><div class=\"heading-section\"><div class=\"heading-line before\"><\/div><h2 class=\"heading-title\"><span class=\"heading-title\">Recipes<\/span><span class=\"heading-focus\"><\/span><\/h2><\/div><span class=\"heading-subtitle\">Meine Prise Frieden f\u00fcr deine K\u00fcche<\/span><\/div>\n<\/div><\/div>\n\n\n\n<div class=\"wp-block-gutenverse-column guten-element guten-column guten-P6UnbT hide-mobile\"><div class=\"guten-column-wrapper\" data-id=\"P6UnbT\"><\/div><\/div>\n<\/div><\/section><\/div>\n\n\n\n<div class=\"section-wrapper\" data-id=\"2tdPSp\"><section class=\"wp-block-gutenverse-section guten-element guten-section guten-2tdPSp layout-boxed align-stretch\"><div class=\"guten-container guten-column-gap-no\">\n<div class=\"wp-block-gutenverse-column guten-element guten-column guten-kcvFCs\"><div class=\"guten-column-wrapper\" data-id=\"kcvFCs\">\n<div class=\"guten-element guten-ScoKgT animated guten-element-hide desktop-fadeInUp guten-icon-box icon-position-undefined\"><a class=\"\" href=\"https:\/\/thecookingpastor.com\/en\/meine-kueche\/frischkaese\/\"><div class=\"guten-icon-box-wrapper hover-from-left\"><div class=\"icon-box icon-box-header\"><div class=\"icon style-color type-image\"><img decoding=\"async\" src=\"https:\/\/thecookingpastor.com\/wp-content\/uploads\/2024\/12\/DSC_1884-Gross.jpg\"\/><\/div><\/div><div class=\"icon-box icon-box-body\"><h3 class=\"title\">Mein Frischk\u00e4se<\/h3><p class=\"icon-box-description\">Mein Frischk\u00e4se schmeckt so frisch und lecker wie ich Frieden sehe. Probiere es einfach aus nd schau ob du deinen Frieden schmecken kannst!<\/p><\/div><\/div><\/a><\/div>\n<\/div><\/div>\n\n\n\n<div class=\"wp-block-gutenverse-column guten-element guten-column guten-QNXeT8 animated guten-element-hide desktop-fadeInUp\"><div class=\"guten-column-wrapper\" data-id=\"QNXeT8\">\n<div class=\"guten-element guten-QDOrez guten-icon-box icon-position-undefined\"><a class=\"\" href=\"https:\/\/thecookingpastor.com\/en\/meine-kueche\/pesto\/\"><div class=\"guten-icon-box-wrapper hover-from-left\"><div class=\"icon-box icon-box-header\"><div class=\"icon style-color type-image\"><img decoding=\"async\" src=\"https:\/\/thecookingpastor.com\/wp-content\/uploads\/2024\/12\/DSC_2083-Gross.jpg\"\/><\/div><\/div><div class=\"icon-box icon-box-body\"><h3 class=\"title\">Mein Pesto<\/h3><p class=\"icon-box-description\">In der italienischen K\u00fcche geht es um eine Harmonie der Zutaten &#8211; schmeckst du sie?<\/p><\/div><\/div><\/a><\/div>\n<\/div><\/div>\n\n\n\n<div class=\"wp-block-gutenverse-column guten-element guten-column guten-EJrIPk\"><div class=\"guten-column-wrapper\" data-id=\"EJrIPk\">\n<div class=\"guten-element guten-M5k1eR animated guten-element-hide desktop-fadeInUp guten-icon-box icon-position-undefined\"><a class=\"\" href=\"https:\/\/thecookingpastor.com\/en\/meine-kueche\/erdbeer-rhabarber-aprikosen\/\"><div class=\"guten-icon-box-wrapper hover-from-left\"><div class=\"icon-box icon-box-header\"><div class=\"icon style-color type-image\"><img decoding=\"async\" src=\"https:\/\/thecookingpastor.com\/wp-content\/uploads\/2024\/12\/88BC1609-A3D5-4F7F-A2C7-0928F070097B-scaled.jpeg\"\/><\/div><\/div><div class=\"icon-box icon-box-body\"><h3 class=\"title\">Erdbeer-Rhabarber-Aprikosen-Crumble<\/h3><p class=\"icon-box-description\">Ein wunderbarer Nachtisch, den ich bei einer Reise nach Paris entdeckt habe!<\/p><\/div><\/div><\/a><\/div>\n<\/div><\/div>\n\n\n\n<div class=\"wp-block-gutenverse-column guten-element guten-column guten-Gbn0nr animated guten-element-hide desktop-fadeInUp\"><div class=\"guten-column-wrapper\" data-id=\"Gbn0nr\">\n<div class=\"guten-element guten-E7ZuSn guten-icon-box icon-position-undefined\"><a class=\"\" href=\"https:\/\/thecookingpastor.com\/en\/meine-kueche\/vier-stufen-frieden\/\"><div class=\"guten-icon-box-wrapper hover-from-left\"><div class=\"icon-box icon-box-header\"><div class=\"icon style-color\"><i class=\"fas fa-peace\"><\/i><\/div><\/div><div class=\"icon-box icon-box-body\"><h3 class=\"title\">4-Stufen Frieden<\/h3><p class=\"icon-box-description\">Weitere Rezepte um euch den Frieden in vier Stufen n\u00e4herzubringen<\/p><\/div><\/div><\/a><\/div>\n<\/div><\/div>\n<\/div><\/section><\/div>\n<\/div><\/div>\n<\/div><\/section><\/div>\n\n\n\n<div class=\"section-wrapper\" data-id=\"FFDk3l\"><section class=\"wp-block-gutenverse-section guten-element guten-section guten-FFDk3l layout-boxed align-stretch\"><div class=\"guten-container guten-column-gap-default\">\n<div class=\"wp-block-gutenverse-column guten-element guten-column guten-t5BgF9\"><div class=\"guten-column-wrapper\" data-id=\"t5BgF9\">\n<p>Innerer Frieden ist das Elixier, das unser Leben befl\u00fcgelt. Er ist die Gewissheit, dass wir in allem gesehen, erkannt und geliebt werden. Von genau diesem Frieden sprach auch Jesus, und schon er hat es nicht bei Worten belassen. Maur\u00edcio da Silva Carvalho ist Pastor und der \u00dcberzeugung: \u201eMeine Kirche ist meine K\u00fcche.\u201c, denn hier d\u00fcrfen Menschen Frieden im wahrsten Sinne des Wortes schmecken.<\/p>\n\n\n\n<p><br>Sein Buch soll Menschen inspirieren, dem Geschmack ihres pers\u00f6nlichen Friedens auf die Spur zu kom-men, und zwar nicht nur mithilfe der enthaltenen Rezepte, sondern auch durch das tiefe und pers\u00f6nliche Erleben Maur\u00edcios, der hier von seinem langen Weg zum Frieden berichtet. Er erz\u00e4hlt von einer Liebe, die am Tisch erfahrbar wird, von jungen Menschen, die das Zeug haben, die Welt positiv zu ver\u00e4ndern und einer Kirche, die einen neuen Fr\u00fchling erleben kann.<\/p>\n\n\n\n<p><br>Am besten liest sich sein Buch an einem Tisch mit leckerem Essen \u2013 oder noch besser in einem Caf\u00e9, wo man andere Menschen beobachten kann. Denn dann wird deutlich, dass wir alle nur Teil eines Ganzen sind.<\/p>\n\n\n\n<p><br>Aufgewachsen in Brasilien w\u00e4hrend der Milit\u00e4rdiktatur, gepr\u00e4gt von Angst, lernt Maur\u00edcio da Silva Carvalho schon fr\u00fch, wie fragil und wertvoll Frieden ist. Als er mit 16 Jahren beschlie\u00dft, sich das Leben zu nehmen wird er von einem, wird er von einem tiefen inneren Frieden \u00fcberrascht, der sein Leben nach und nach komplett ver\u00e4ndern sollte. 1992 beginnt er ehrenamtlich f\u00fcr eine internationale Hilfsorganisation f\u00fcr Stra-\u00dfenkinder und Kinder mit Aids zu arbeiten und lernt Ulrike Wichmann, die Liebe seines Lebens, kennen. 1994 kommen die beiden nach Deutschland, heiraten und bekommen zwei S\u00f6hne.<\/p>\n\n\n\n<p><\/p>\n\n\n\n<p>Seit September 2015 schafft Maur\u00edcio durch Kochabende und kulinarische Aktionen Orte der Begegnung, wo sowohl j\u00fcngere Menschen, als auch \u00e4ltere Semester Frieden schmecken k\u00f6nnen. Daf\u00fcr kombiniert er Originalgerichte aus zwei L\u00e4ndern, die politisch miteinander zerstritten sind, als eine Art Friedensgebet. Er m\u00f6chte, dass die G\u00e4ste erfahren, wie die Kombination der Gerichte zu einem ganz besonderen Ge-schmackserlebnis f\u00fchrt und dass sie somit erleben, wie Frieden schmecken k\u00f6nnte.<\/p>\n\n\n\n<p><\/p>\n\n\n\n<p>In einer Welt, die von Unruhe und Zerfall gepr\u00e4gt ist, gibt Maur\u00edcio da Silva Carvalho eine eindrucksvolle Antwort: Frieden beginnt in unseren Herzen und l\u00e4sst sich schmecken. Dabei versteht Maur\u00edcio es, seine spirituelle Botschaft unmittelbar erlebbar zu machen. Er zeigt, dass Gemeinschaft und N\u00e4chstenliebe eine zentrale Rolle in unserer Suche nach Frieden spielen und dass Tischgemeinschaften \u2013 wie zu Jesu Zeiten \u2013 die Br\u00fccke sein k\u00f6nnen, die Menschen zueinander und zu Gott f\u00fchrt. Sein Credo lautet: Die Kirche der Zukunft wird eine K\u00fcche sein.<br><\/p>\n\n\n\n<p>Insgesamt ist sein Buch eines, das zu Herzen geht, zum einen aufgrund der bewegenden Geschichte des Autors, zum anderen, weil man beim Lesen eine tiefe Sehnsucht nach innerem Frieden sp\u00fcrt und den Wunsch hat, sich selbst auf die Suche zu begeben. Maur\u00edcio da Silva Carvalho zeigt, dass der Weg zum Frieden oft herausfordernd ist, aber voller \u00fcberraschender, lebensver\u00e4ndernder Begegnungen steckt. Mit seiner einf\u00fchlsamen Erz\u00e4hlweise und den inspirierenden Rezepten l\u00e4dt er dazu ein, die eigene Lebensge-schichte neu zu betrachten und den inneren Frieden bewusst zu kultivieren. So wird das Buch nicht nur zu einem lesenswerten Erlebnis, sondern auch zu einem Leitfaden f\u00fcr all jene, die in ihrer eigenen Spiritualit\u00e4t und in ihren Beziehungen neue Tiefe und Erf\u00fcllung finden m\u00f6chten und ebenso f\u00fcr kirchliche Kreise und Gruppen, die ihre Tischgemeinschaft mit einem tieferen Sinn f\u00fcllen m\u00f6chten.<\/p>\n\n\n\n<p>(Pressetext des SCM H\u00e4nssler Verlag)<\/p>\n<\/div><\/div>\n<\/div><\/section><\/div>\n\n\n\n<div style=\"height:100px\" aria-hidden=\"true\" class=\"wp-block-spacer\"><\/div>\n\n\n\n<p><\/p>","protected":false},"excerpt":{"rendered":"","protected":false},"author":3,"featured_media":729,"parent":0,"menu_order":0,"comment_status":"closed","ping_status":"closed","template":"buch","meta":{"footnotes":""},"class_list":["post-439","page","type-page","status-publish","has-post-thumbnail","hentry"],"_links":{"self":[{"href":"https:\/\/thecookingpastor.com\/en\/wp-json\/wp\/v2\/pages\/439","targetHints":{"allow":["GET"]}}],"collection":[{"href":"https:\/\/thecookingpastor.com\/en\/wp-json\/wp\/v2\/pages"}],"about":[{"href":"https:\/\/thecookingpastor.com\/en\/wp-json\/wp\/v2\/types\/page"}],"author":[{"embeddable":true,"href":"https:\/\/thecookingpastor.com\/en\/wp-json\/wp\/v2\/users\/3"}],"replies":[{"embeddable":true,"href":"https:\/\/thecookingpastor.com\/en\/wp-json\/wp\/v2\/comments?post=439"}],"version-history":[{"count":56,"href":"https:\/\/thecookingpastor.com\/en\/wp-json\/wp\/v2\/pages\/439\/revisions"}],"predecessor-version":[{"id":919,"href":"https:\/\/thecookingpastor.com\/en\/wp-json\/wp\/v2\/pages\/439\/revisions\/919"}],"wp:featuredmedia":[{"embeddable":true,"href":"https:\/\/thecookingpastor.com\/en\/wp-json\/wp\/v2\/media\/729"}],"wp:attachment":[{"href":"https:\/\/thecookingpastor.com\/en\/wp-json\/wp\/v2\/media?parent=439"}],"curies":[{"name":"wp","href":"https:\/\/api.w.org\/{rel}","templated":true}]}}