{"id":135,"date":"2024-02-15T09:45:15","date_gmt":"2024-02-15T09:45:15","guid":{"rendered":"https:\/\/thecookingpastor.com\/?page_id=135"},"modified":"2024-03-29T14:40:08","modified_gmt":"2024-03-29T14:40:08","slug":"uber-mich","status":"publish","type":"page","link":"https:\/\/thecookingpastor.com\/en\/uber-mich\/","title":{"rendered":"About me"},"content":{"rendered":"<div class=\"section-wrapper\" data-id=\"H8d2EO\"><section class=\"wp-block-gutenverse-section guten-element guten-section guten-H8d2EO layout-boxed align-stretch\"><div class=\"guten-background-overlay\"><\/div><div class=\"guten-shape-divider guten-shape-divider-top\"><\/div><div class=\"guten-shape-divider guten-shape-divider-bottom\"><\/div><div class=\"guten-container guten-column-gap-default\">\n<div class=\"wp-block-gutenverse-column guten-element guten-column guten-AoWPJO\"><div class=\"guten-background-overlay\"><\/div><div class=\"sticky-wrapper\" data-id=\"AoWPJO\"><div class=\"guten-column-wrapper\">\n<div class=\"section-wrapper\" data-id=\"PVvNz3\"><section class=\"wp-block-gutenverse-section guten-element guten-section guten-PVvNz3 layout-boxed align-stretch\"><div class=\"guten-background-overlay\"><\/div><div class=\"guten-shape-divider guten-shape-divider-top\"><\/div><div class=\"guten-shape-divider guten-shape-divider-bottom\"><\/div><div class=\"guten-container guten-column-gap-no\">\n<div class=\"wp-block-gutenverse-column guten-element guten-column guten-6v8Nk9 animated guten-element-hide desktop-fadeInLeft\"><div class=\"guten-background-overlay\"><\/div><div class=\"sticky-wrapper\" data-id=\"6v8Nk9\"><div class=\"guten-column-wrapper\">\n<div class=\"wp-block-gutenverse-image guten-element guten-image guten-aTHyBh\"><a class=\"guten-image-wrapper\"><img loading=\"lazy\" decoding=\"async\" class=\"gutenverse-image-box-filled\" src=\"https:\/\/thecookingpastor.com\/wp-content\/uploads\/2024\/03\/IMG_5421-scaled.jpg\" height=\"2560\" width=\"1709\"\/><\/a><\/div>\n<\/div><\/div><\/div>\n\n\n\n<div class=\"wp-block-gutenverse-column guten-element guten-column guten-C2FamW\"><div class=\"guten-background-overlay\"><\/div><div class=\"sticky-wrapper\" data-id=\"C2FamW\"><div class=\"guten-column-wrapper\">\n<h2 class=\"wp-block-gutenverse-heading guten-element guten-rOTdRc animated guten-element-hide desktop-fadeInRight\">The cooking pastor<\/h2>\n\n\n\n<div class=\"guten-element gutenverse-text-editor guten-H5rWBY animated guten-element-hide desktop-fadeInRight\"><div class=\"text-content-inner\">\n<p>Ich bin Maur\u00edcio, der kochende Pastor. Nimm Platz an meinem Tisch und ich zeige dir den Geschmack des Friedens. Kochen ist meine Leidenschaft und auch meine pers\u00f6nliche Form, Menschen Wertsch\u00e4tzung und N\u00e4chstenliebe zu zeigen. Dabei m\u00fcssen meine Gerichte nicht unbedingt aufwendig sein, aber sie sollen m\u00f6glichst mehrere Sinne ansprechen. Frische Kr\u00e4uter und besondere Gew\u00fcrze sind unverzichtbar. Essen soll genossen und zu einem wahren Sinnerlebnis werden. Warum? Weil ich dir zeigen m\u00f6chte, wie unendlich geliebt du bist und zwar von Gott. Ja, vom Dem da oben! Ob du an ihn glaubst oder nicht, er sieht und liebt dich so wie du bist! Das m\u00f6chte ich dir durch meine Kochprojekte zeigen.<\/p>\n\n\n\n<p>Ich komme aus Brasilien und lebe in meiner neuen Heimat, Deutschland, seit 1994. Gl\u00fccklich verheiratet seit fast 30 Jahren und Vater von zwei wunderbaren jungen M\u00e4nnern lebe ich gerne in Hamburg. Ich habe Theologie studiert und bin nach meinen Vikariats-Jahren seit 2005 Pastor der Josua Kirche in Hamburg-Ottensen, wo ich mich auch kulinarisch \u201eaustoben\u201c kann. Nat\u00fcrlich mache ich alles, was Pastoren normalerweise sonst auch tun, dabei sind Beerdigungen und Hochzeiten das, was ich am liebsten mache, denn da bin ich ganz nah am Herzen der Menschen und gerade hier ist die Botschaft der Liebe Gottes, am Anfang eines gemeinsamen Lebens bzw. am Ende eines Lebens auf dieser Erde, unverzichtbar. Aber, weil ich der Meinung bin, dass es h\u00f6chste Zeit f\u00fcr die Kirche ist, das Dorf zu verlassen, griff ich zu meiner Leidenschaft am Kochen, um als Mensch ganz nah an anderen Menschen zu sein. Nat\u00fcrlich ist mein Glauben an einen liebenden Gott immer dabei, denn er geh\u00f6rt zu mir dazu.<\/p>\n<\/div><\/div>\n<\/div><\/div><\/div>\n<\/div><\/section><\/div>\n<\/div><\/div><\/div>\n<\/div><\/section><\/div>","protected":false},"excerpt":{"rendered":"","protected":false},"author":3,"featured_media":0,"parent":0,"menu_order":0,"comment_status":"closed","ping_status":"closed","template":"","meta":{"footnotes":""},"class_list":["post-135","page","type-page","status-publish","hentry"],"_links":{"self":[{"href":"https:\/\/thecookingpastor.com\/en\/wp-json\/wp\/v2\/pages\/135","targetHints":{"allow":["GET"]}}],"collection":[{"href":"https:\/\/thecookingpastor.com\/en\/wp-json\/wp\/v2\/pages"}],"about":[{"href":"https:\/\/thecookingpastor.com\/en\/wp-json\/wp\/v2\/types\/page"}],"author":[{"embeddable":true,"href":"https:\/\/thecookingpastor.com\/en\/wp-json\/wp\/v2\/users\/3"}],"replies":[{"embeddable":true,"href":"https:\/\/thecookingpastor.com\/en\/wp-json\/wp\/v2\/comments?post=135"}],"version-history":[{"count":5,"href":"https:\/\/thecookingpastor.com\/en\/wp-json\/wp\/v2\/pages\/135\/revisions"}],"predecessor-version":[{"id":307,"href":"https:\/\/thecookingpastor.com\/en\/wp-json\/wp\/v2\/pages\/135\/revisions\/307"}],"wp:attachment":[{"href":"https:\/\/thecookingpastor.com\/en\/wp-json\/wp\/v2\/media?parent=135"}],"curies":[{"name":"wp","href":"https:\/\/api.w.org\/{rel}","templated":true}]}}