{"id":133,"date":"2024-02-15T09:45:00","date_gmt":"2024-02-15T09:45:00","guid":{"rendered":"https:\/\/thecookingpastor.com\/?page_id=133"},"modified":"2024-04-02T08:36:40","modified_gmt":"2024-04-02T08:36:40","slug":"das-friedensmenu","status":"publish","type":"page","link":"https:\/\/thecookingpastor.com\/en\/meine-projekte\/das-friedensmenu\/","title":{"rendered":"Peace menu"},"content":{"rendered":"<div class=\"section-wrapper\" data-id=\"H8d2EO\"><section class=\"wp-block-gutenverse-section guten-element guten-section guten-H8d2EO layout-boxed align-stretch\"><div class=\"guten-background-overlay\"><\/div><div class=\"guten-shape-divider guten-shape-divider-top\"><\/div><div class=\"guten-shape-divider guten-shape-divider-bottom\"><\/div><div class=\"guten-container guten-column-gap-default\">\n<div class=\"wp-block-gutenverse-column guten-element guten-column guten-AoWPJO\"><div class=\"guten-background-overlay\"><\/div><div class=\"sticky-wrapper\" data-id=\"AoWPJO\"><div class=\"guten-column-wrapper\">\n<div class=\"section-wrapper\" data-id=\"PVvNz3\"><section class=\"wp-block-gutenverse-section guten-element guten-section guten-PVvNz3 layout-boxed align-stretch\"><div class=\"guten-background-overlay\"><\/div><div class=\"guten-shape-divider guten-shape-divider-top\"><\/div><div class=\"guten-shape-divider guten-shape-divider-bottom\"><\/div><div class=\"guten-container guten-column-gap-no\">\n<div class=\"wp-block-gutenverse-column guten-element guten-column guten-6v8Nk9 animated guten-element-hide desktop-fadeInLeft\"><div class=\"guten-background-overlay\"><\/div><div class=\"sticky-wrapper\" data-id=\"6v8Nk9\"><div class=\"guten-column-wrapper\">\n<div class=\"wp-block-gutenverse-image guten-element guten-image guten-ub9d3u\"><a class=\"guten-image-wrapper\"><img loading=\"lazy\" decoding=\"async\" class=\"gutenverse-image-box-filled\" src=\"https:\/\/thecookingpastor.com\/wp-content\/uploads\/2024\/03\/636B7137-1ABD-4F5B-A913-652DBC700D87-scaled.jpg\" height=\"1920\" width=\"2560\"\/><\/a><\/div>\n<\/div><\/div><\/div>\n\n\n\n<div class=\"wp-block-gutenverse-column guten-element guten-column guten-C2FamW\"><div class=\"guten-background-overlay\"><\/div><div class=\"sticky-wrapper\" data-id=\"C2FamW\"><div class=\"guten-column-wrapper\">\n<h2 class=\"wp-block-gutenverse-heading guten-element guten-rOTdRc animated guten-element-hide desktop-fadeInRight\">Peace menu<\/h2>\n\n\n\n<div class=\"guten-element gutenverse-text-editor guten-H5rWBY animated guten-element-hide desktop-fadeInRight\"><div class=\"text-content-inner\">\n<p>Meine Friedensmen\u00fcs, wo ich Gerichte von L\u00e4ndern, die miteinander im Konflikt sind, kombiniere, sind f\u00fcr mich eine Art Gebet um Frieden. Deswegen nenne ich mich selbst Friedensaktivist, denn meine Eins\u00e4tze sind Aktivit\u00e4t um des Friedens willen. Dabei geht es mir um den Vorgeschmack des Friedens, der durch die Kombination der Gerichte entsteht. So ermutige ich meine G\u00e4ste, Frieden in allen Bereichen ihres Lebens zu suchen. Nat\u00fcrlich rate ich allen sich mit Gott zu besch\u00e4ftigen, denn wenn dieser der Inbegriff des Friedens und der Liebe schlechthin ist, dann w\u00e4re es meiner Sicht nach ein Vers\u00e4umnis, ihn nicht um Hilfe zu bitten was unseren pers\u00f6nlichen Frieden angeht und wie wir selbst Frieden verbreiten k\u00f6nnen.<\/p>\n<\/div><\/div>\n<\/div><\/div><\/div>\n<\/div><\/section><\/div>\n<\/div><\/div><\/div>\n<\/div><\/section><\/div>\n\n\n\n<div class=\"wp-block-group has-black-background-color has-background is-layout-constrained wp-container-core-group-is-layout-22177b6a wp-block-group-is-layout-constrained\" style=\"padding-top:100px;padding-bottom:100px\">\n<div class=\"wp-block-columns is-layout-flex wp-container-core-columns-is-layout-28f84493 wp-block-columns-is-layout-flex\">\n<div class=\"wp-block-column is-layout-flow wp-block-column-is-layout-flow\">\n<div class=\"wp-block-group is-layout-flow wp-block-group-is-layout-flow\">\n<div class=\"wp-block-columns is-layout-flex wp-container-core-columns-is-layout-28f84493 wp-block-columns-is-layout-flex\">\n<div class=\"wp-block-column is-layout-flow wp-block-column-is-layout-flow\">\n<h2 class=\"wp-block-heading has-text-align-left zeever-animate zeever-move-right zeever-delay-1 is-style-default has-zeever-primary-color has-text-color has-link-color has-heading-2-font-size wp-elements-4caf2e70f43888f0f292e571eb872276\">Peace menu<\/h2>\n\n\n\n<h2 class=\"wp-block-heading has-text-align-left zeever-animate zeever-move-right zeever-delay-3 has-custom-primary-color has-text-color has-tiny-font-size\" style=\"font-style:normal;font-weight:500;text-transform:uppercase\">Vergangene Friedensmen\u00fcs der letzten Jahre<\/h2>\n<\/div>\n\n\n\n<div class=\"wp-block-column is-layout-flow wp-block-column-is-layout-flow\"><\/div>\n<\/div>\n<\/div>\n\n\n\n<div class=\"wp-block-group is-layout-flow wp-block-group-is-layout-flow\" style=\"padding-top:40px\">\n<div class=\"wp-block-columns is-layout-flex wp-container-core-columns-is-layout-28f84493 wp-block-columns-is-layout-flex\">\n<div class=\"wp-block-column is-layout-flow wp-block-column-is-layout-flow\">\n<div class=\"wp-block-group is-layout-flow wp-block-group-is-layout-flow\">\n<div class=\"wp-block-columns is-layout-flex wp-container-core-columns-is-layout-28f84493 wp-block-columns-is-layout-flex\">\n<div class=\"wp-block-column is-layout-flow wp-block-column-is-layout-flow\">\n<div class=\"wp-block-cover\" style=\"min-height:280px;aspect-ratio:unset;\"><span aria-hidden=\"true\" class=\"wp-block-cover__background has-background-dim-30 has-background-dim\"><\/span><img loading=\"lazy\" decoding=\"async\" width=\"2560\" height=\"1920\" class=\"wp-block-cover__image-background wp-image-269\" alt=\"\" src=\"https:\/\/thecookingpastor.com\/wp-content\/uploads\/2024\/03\/2A5136C1-CB1C-4C08-A651-A03AB0D90DB6-scaled.jpg\" data-object-fit=\"cover\" srcset=\"https:\/\/thecookingpastor.com\/wp-content\/uploads\/2024\/03\/2A5136C1-CB1C-4C08-A651-A03AB0D90DB6-scaled.jpg 2560w, https:\/\/thecookingpastor.com\/wp-content\/uploads\/2024\/03\/2A5136C1-CB1C-4C08-A651-A03AB0D90DB6-300x225.jpg 300w, https:\/\/thecookingpastor.com\/wp-content\/uploads\/2024\/03\/2A5136C1-CB1C-4C08-A651-A03AB0D90DB6-1024x768.jpg 1024w, https:\/\/thecookingpastor.com\/wp-content\/uploads\/2024\/03\/2A5136C1-CB1C-4C08-A651-A03AB0D90DB6-768x576.jpg 768w, https:\/\/thecookingpastor.com\/wp-content\/uploads\/2024\/03\/2A5136C1-CB1C-4C08-A651-A03AB0D90DB6-1536x1152.jpg 1536w, https:\/\/thecookingpastor.com\/wp-content\/uploads\/2024\/03\/2A5136C1-CB1C-4C08-A651-A03AB0D90DB6-2048x1536.jpg 2048w\" sizes=\"auto, (max-width: 2560px) 100vw, 2560px\" \/><div class=\"wp-block-cover__inner-container is-layout-flow wp-block-cover-is-layout-flow\">\n<div style=\"height:140px\" aria-hidden=\"true\" class=\"wp-block-spacer\"><\/div>\n\n\n\n<h2 class=\"wp-block-heading has-text-align-left zeever-animate zeever-move-up zeever-delay-1 has-zeever-primary-color has-text-color has-large-font-size\" style=\"font-style:normal;font-weight:600\">Friedensmen\u00fc im Lohsepark<\/h2>\n\n\n\n<p class=\"has-zeever-primary-color has-text-color has-tiny-font-size\">Friedensmen\u00fc f\u00fcr die Ukraine und Russland<\/p>\n<\/div><\/div>\n<\/div>\n<\/div>\n<\/div>\n\n\n\n<div class=\"wp-block-group is-layout-flow wp-block-group-is-layout-flow\" style=\"padding-top:20px\">\n<div class=\"wp-block-columns is-layout-flex wp-container-core-columns-is-layout-28f84493 wp-block-columns-is-layout-flex\">\n<div class=\"wp-block-column is-layout-flow wp-block-column-is-layout-flow\">\n<div class=\"wp-block-cover\" style=\"min-height:280px;aspect-ratio:unset;\"><span aria-hidden=\"true\" class=\"wp-block-cover__background has-background-dim-30 has-background-dim\"><\/span><img loading=\"lazy\" decoding=\"async\" width=\"1620\" height=\"1080\" class=\"wp-block-cover__image-background wp-image-285\" alt=\"\" src=\"https:\/\/thecookingpastor.com\/wp-content\/uploads\/2024\/03\/83A8FABD-9D44-4EBB-9BDC-2071EC29363C-Gros.jpeg\" data-object-fit=\"cover\" srcset=\"https:\/\/thecookingpastor.com\/wp-content\/uploads\/2024\/03\/83A8FABD-9D44-4EBB-9BDC-2071EC29363C-Gros.jpeg 1620w, https:\/\/thecookingpastor.com\/wp-content\/uploads\/2024\/03\/83A8FABD-9D44-4EBB-9BDC-2071EC29363C-Gros-300x200.jpeg 300w, https:\/\/thecookingpastor.com\/wp-content\/uploads\/2024\/03\/83A8FABD-9D44-4EBB-9BDC-2071EC29363C-Gros-1024x683.jpeg 1024w, https:\/\/thecookingpastor.com\/wp-content\/uploads\/2024\/03\/83A8FABD-9D44-4EBB-9BDC-2071EC29363C-Gros-768x512.jpeg 768w, https:\/\/thecookingpastor.com\/wp-content\/uploads\/2024\/03\/83A8FABD-9D44-4EBB-9BDC-2071EC29363C-Gros-1536x1024.jpeg 1536w\" sizes=\"auto, (max-width: 1620px) 100vw, 1620px\" \/><div class=\"wp-block-cover__inner-container is-layout-flow wp-block-cover-is-layout-flow\">\n<div style=\"height:140px\" aria-hidden=\"true\" class=\"wp-block-spacer\"><\/div>\n\n\n\n<h2 class=\"wp-block-heading has-text-align-left zeever-animate zeever-move-up zeever-delay-1 has-zeever-primary-color has-text-color has-large-font-size\" style=\"font-style:normal;font-weight:600\">NiceDry 2023<\/h2>\n\n\n\n<p class=\"has-zeever-primary-color has-text-color has-tiny-font-size\">Wie schmeckt dein pers\u00f6nlicher Frieden?<\/p>\n<\/div><\/div>\n<\/div>\n<\/div>\n<\/div>\n<\/div>\n\n\n\n<div class=\"wp-block-column is-vertically-aligned-bottom is-layout-flow wp-block-column-is-layout-flow\">\n<div class=\"wp-block-cover\" style=\"padding-left:20px;min-height:580px;aspect-ratio:unset;\"><span aria-hidden=\"true\" class=\"wp-block-cover__background has-background-dim-30 has-background-dim\" style=\"background-color:#050505\"><\/span><img loading=\"lazy\" decoding=\"async\" width=\"1860\" height=\"1860\" class=\"wp-block-cover__image-background wp-image-249\" alt=\"\" src=\"https:\/\/thecookingpastor.com\/wp-content\/uploads\/2024\/03\/IMG_6667.jpg\" style=\"object-position:51% 20%\" data-object-fit=\"cover\" data-object-position=\"51% 20%\" srcset=\"https:\/\/thecookingpastor.com\/wp-content\/uploads\/2024\/03\/IMG_6667.jpg 1860w, https:\/\/thecookingpastor.com\/wp-content\/uploads\/2024\/03\/IMG_6667-300x300.jpg 300w, https:\/\/thecookingpastor.com\/wp-content\/uploads\/2024\/03\/IMG_6667-1024x1024.jpg 1024w, https:\/\/thecookingpastor.com\/wp-content\/uploads\/2024\/03\/IMG_6667-150x150.jpg 150w, https:\/\/thecookingpastor.com\/wp-content\/uploads\/2024\/03\/IMG_6667-768x768.jpg 768w, https:\/\/thecookingpastor.com\/wp-content\/uploads\/2024\/03\/IMG_6667-1536x1536.jpg 1536w\" sizes=\"auto, (max-width: 1860px) 100vw, 1860px\" \/><div class=\"wp-block-cover__inner-container is-layout-flow wp-block-cover-is-layout-flow\">\n<div style=\"height:480px\" aria-hidden=\"true\" class=\"wp-block-spacer\"><\/div>\n\n\n\n<h2 class=\"wp-block-heading has-text-align-left zeever-animate zeever-move-up zeever-delay-1 has-zeever-primary-color has-text-color has-large-font-size\" style=\"font-style:normal;font-weight:600\">Friedensmen\u00fc<\/h2>\n\n\n\n<p class=\"has-zeever-primary-color has-text-color has-tiny-font-size\"><\/p>\n<\/div><\/div>\n<\/div>\n<\/div>\n<\/div>\n<\/div>\n<\/div>\n<\/div>\n\n\n\n<div class=\"guten-element guten-gallery guten-5H4w4t layout-overlay grid-desktop-3 grid-tablet-2 grid-mobile-2\" data-grid=\"grid\"><div class=\"gutenverse-popup-gallery hidden\"><div class=\"gallery-header\"><div class=\"left-header\"><\/div><div class=\"right-header\"><svg xmlns=\"http:\/\/www.w3.org\/2000\/svg\" width=\"24\" height=\"24\" viewbox=\"0 0 24 24\" fill=\"none\" stroke=\"currentColor\" stroke-width=\"2\" stroke-linecap=\"round\" stroke-linejoin=\"round\" class=\"icon-fullscreen\"><path d=\"M8 3H5a2 2 0 0 0-2 2v3m18 0V5a2 2 0 0 0-2-2h-3m0 18h3a2 2 0 0 0 2-2v-3M3 16v3a2 2 0 0 0 2 2h3\"><\/path><\/svg><svg xmlns=\"http:\/\/www.w3.org\/2000\/svg\" width=\"24\" height=\"24\" viewbox=\"0 0 24 24\" fill=\"none\" stroke=\"currentColor\" stroke-width=\"2\" stroke-linecap=\"round\" stroke-linejoin=\"round\" class=\"icon-minimize hidden\"><path d=\"M8 3v3a2 2 0 0 1-2 2H3m18 0h-3a2 2 0 0 1-2-2V3m0 18v-3a2 2 0 0 1 2-2h3M3 16h3a2 2 0 0 1 2 2v3\"><\/path><\/svg><svg xmlns=\"http:\/\/www.w3.org\/2000\/svg\" width=\"24\" height=\"24\" viewbox=\"0 0 24 24\" fill=\"none\" stroke=\"currentColor\" stroke-width=\"2\" stroke-linecap=\"round\" stroke-linejoin=\"round\" class=\"icon-zoom\"><circle cx=\"11\" cy=\"11\" r=\"8\"><\/circle><line x1=\"21\" y1=\"21\" x2=\"16.65\" y2=\"16.65\"><\/line><line x1=\"11\" y1=\"8\" x2=\"11\" y2=\"14\"><\/line><line x1=\"8\" y1=\"11\" x2=\"14\" y2=\"11\"><\/line><\/svg><svg xmlns=\"http:\/\/www.w3.org\/2000\/svg\" width=\"24\" height=\"24\" viewbox=\"0 0 24 24\" fill=\"none\" stroke=\"currentColor\" stroke-width=\"2\" stroke-linecap=\"round\" stroke-linejoin=\"round\" class=\"icon-close\"><line x1=\"18\" y1=\"6\" x2=\"6\" y2=\"18\"><\/line><line x1=\"6\" y1=\"6\" x2=\"18\" y2=\"18\"><\/line><\/svg><\/div><\/div><div class=\"gallery-body\"><div class=\"images\"><div id=\"guten-5H4w4t\" class=\"swiper-container\"><div class=\"swiper-wrapper\"><div class=\"swiper-slide image-list\"><div class=\"content-image swiper-zoom-container\"><img decoding=\"async\" class=\"main-image\" src=\"https:\/\/thecookingpastor.com\/wp-content\/uploads\/2024\/03\/2A5136C1-CB1C-4C08-A651-A03AB0D90DB6-scaled.jpg\"\/><\/div><\/div><div class=\"swiper-slide image-list\"><div class=\"content-image swiper-zoom-container\"><img decoding=\"async\" class=\"main-image\" src=\"https:\/\/thecookingpastor.com\/wp-content\/uploads\/2024\/03\/IMG_0561-scaled.jpg\"\/><\/div><\/div><div class=\"swiper-slide image-list\"><div class=\"content-image swiper-zoom-container\"><img decoding=\"async\" class=\"main-image\" src=\"https:\/\/thecookingpastor.com\/wp-content\/uploads\/2024\/03\/IMG_0156-scaled.jpg\"\/><\/div><\/div><div class=\"swiper-slide image-list\"><div class=\"content-image swiper-zoom-container\"><img decoding=\"async\" class=\"main-image\" src=\"https:\/\/thecookingpastor.com\/wp-content\/uploads\/2024\/03\/DECD47E1-D930-4C46-AA65-8734F066DD8F-scaled.jpeg\"\/><\/div><\/div><\/div><div class=\"swiper-button-prev\"><\/div><div class=\"swiper-button-next\"><\/div><\/div><\/div><\/div><\/div><div class=\"gallery-items\" data-loaded=\"12\" data-max=\"4\"><div class=\"gallery-item-wrap\" data-index=\"0\"><div class=\"grid-item\"><div class=\"thumbnail-wrap\"><img decoding=\"async\" src=\"https:\/\/thecookingpastor.com\/wp-content\/uploads\/2024\/03\/2A5136C1-CB1C-4C08-A651-A03AB0D90DB6-scaled.jpg\"\/><div class=\"caption-wrap style-overlay overlay-overlay animated fade-in\"><div class=\"item-hover-bg\"><\/div><div class=\"item-caption-over\"><h5 class=\"item-title\"><\/h5><div class=\"item-content\"><\/div><div class=\"item-buttons\"><div class=\"gallery-link zoom\"><span class=\"item-icon-inner\"><i class=\"fas fa-search-plus\" aria-hidden=\"true\"><\/i><\/span><\/div><\/div><\/div><div class=\"caption-head\"><\/div><\/div><\/div><\/div><\/div><div class=\"gallery-item-wrap\" data-index=\"1\"><div class=\"grid-item\"><div class=\"thumbnail-wrap\"><img decoding=\"async\" src=\"https:\/\/thecookingpastor.com\/wp-content\/uploads\/2024\/03\/IMG_0561-scaled.jpg\"\/><div class=\"caption-wrap style-overlay overlay-overlay animated fade-in\"><div class=\"item-hover-bg\"><\/div><div class=\"item-caption-over\"><h5 class=\"item-title\"><\/h5><div class=\"item-content\"><\/div><div class=\"item-buttons\"><div class=\"gallery-link zoom\"><span class=\"item-icon-inner\"><i class=\"fas fa-search-plus\" aria-hidden=\"true\"><\/i><\/span><\/div><\/div><\/div><div class=\"caption-head\"><\/div><\/div><\/div><\/div><\/div><div class=\"gallery-item-wrap\" data-index=\"2\"><div class=\"grid-item\"><div class=\"thumbnail-wrap\"><img decoding=\"async\" src=\"https:\/\/thecookingpastor.com\/wp-content\/uploads\/2024\/03\/IMG_0156-scaled.jpg\"\/><div class=\"caption-wrap style-overlay overlay-overlay animated fade-in\"><div class=\"item-hover-bg\"><\/div><div class=\"item-caption-over\"><h5 class=\"item-title\"><\/h5><div class=\"item-content\"><\/div><div class=\"item-buttons\"><div class=\"gallery-link zoom\"><span class=\"item-icon-inner\"><i class=\"fas fa-search-plus\" aria-hidden=\"true\"><\/i><\/span><\/div><\/div><\/div><div class=\"caption-head\"><\/div><\/div><\/div><\/div><\/div><div class=\"gallery-item-wrap\" data-index=\"3\"><div class=\"grid-item\"><div class=\"thumbnail-wrap\"><img decoding=\"async\" src=\"https:\/\/thecookingpastor.com\/wp-content\/uploads\/2024\/03\/DECD47E1-D930-4C46-AA65-8734F066DD8F-scaled.jpeg\"\/><div class=\"caption-wrap style-overlay overlay-overlay animated fade-in\"><div class=\"item-hover-bg\"><\/div><div class=\"item-caption-over\"><h5 class=\"item-title\"><\/h5><div class=\"item-content\"><\/div><div class=\"item-buttons\"><div class=\"gallery-link zoom\"><span class=\"item-icon-inner\"><i class=\"fas fa-search-plus\" aria-hidden=\"true\"><\/i><\/span><\/div><\/div><\/div><div class=\"caption-head\"><\/div><\/div><\/div><\/div><\/div><\/div><\/div>","protected":false},"excerpt":{"rendered":"<p>Friedensmen\u00fcs Vergangene Friedensmen\u00fcs der letzten Jahre<\/p>","protected":false},"author":3,"featured_media":0,"parent":77,"menu_order":0,"comment_status":"closed","ping_status":"closed","template":"","meta":{"footnotes":""},"class_list":["post-133","page","type-page","status-publish","hentry"],"_links":{"self":[{"href":"https:\/\/thecookingpastor.com\/en\/wp-json\/wp\/v2\/pages\/133","targetHints":{"allow":["GET"]}}],"collection":[{"href":"https:\/\/thecookingpastor.com\/en\/wp-json\/wp\/v2\/pages"}],"about":[{"href":"https:\/\/thecookingpastor.com\/en\/wp-json\/wp\/v2\/types\/page"}],"author":[{"embeddable":true,"href":"https:\/\/thecookingpastor.com\/en\/wp-json\/wp\/v2\/users\/3"}],"replies":[{"embeddable":true,"href":"https:\/\/thecookingpastor.com\/en\/wp-json\/wp\/v2\/comments?post=133"}],"version-history":[{"count":7,"href":"https:\/\/thecookingpastor.com\/en\/wp-json\/wp\/v2\/pages\/133\/revisions"}],"predecessor-version":[{"id":357,"href":"https:\/\/thecookingpastor.com\/en\/wp-json\/wp\/v2\/pages\/133\/revisions\/357"}],"up":[{"embeddable":true,"href":"https:\/\/thecookingpastor.com\/en\/wp-json\/wp\/v2\/pages\/77"}],"wp:attachment":[{"href":"https:\/\/thecookingpastor.com\/en\/wp-json\/wp\/v2\/media?parent=133"}],"curies":[{"name":"wp","href":"https:\/\/api.w.org\/{rel}","templated":true}]}}