{"id":127,"date":"2024-02-15T09:43:49","date_gmt":"2024-02-15T09:43:49","guid":{"rendered":"https:\/\/thecookingpastor.com\/?page_id=127"},"modified":"2024-12-29T14:42:36","modified_gmt":"2024-12-29T14:42:36","slug":"ourkitchen-ottensen","status":"publish","type":"page","link":"https:\/\/thecookingpastor.com\/en\/meine-projekte\/ourkitchen-ottensen\/","title":{"rendered":"Friedensk\u00fcche"},"content":{"rendered":"<div class=\"section-wrapper\" data-id=\"H8d2EO\"><section class=\"wp-block-gutenverse-section guten-element guten-section guten-H8d2EO layout-boxed align-stretch\"><div class=\"guten-container guten-column-gap-default\">\n<div class=\"wp-block-gutenverse-column guten-element guten-column guten-AoWPJO\"><div class=\"guten-column-wrapper\" data-id=\"AoWPJO\">\n<div class=\"section-wrapper\" data-id=\"PVvNz3\"><section class=\"wp-block-gutenverse-section guten-element guten-section guten-PVvNz3 layout-boxed align-stretch\"><div class=\"guten-container guten-column-gap-no\">\n<div class=\"wp-block-gutenverse-column guten-element guten-column guten-6v8Nk9 animated guten-element-hide desktop-fadeInLeft\"><div class=\"guten-column-wrapper\" data-id=\"6v8Nk9\">\n<div class=\"wp-block-gutenverse-image guten-element guten-image guten-wcROqa\"><div class=\"guten-image-wrapper\"><img loading=\"lazy\" decoding=\"async\" class=\"gutenverse-image-box-filled\" src=\"https:\/\/thecookingpastor.com\/wp-content\/uploads\/2024\/03\/61CE6431-C68C-4B62-88A5-F08F26380F0F-scaled.jpeg\" height=\"2560\" width=\"1920\"\/><\/div><\/div>\n<\/div><\/div>\n\n\n\n<div class=\"wp-block-gutenverse-column guten-element guten-column guten-C2FamW\"><div class=\"guten-column-wrapper\" data-id=\"C2FamW\">\n<h2 class=\"wp-block-gutenverse-heading guten-element guten-rOTdRc animated guten-element-hide desktop-fadeInRight\">Friedensk\u00fcche (OurKitchen Ottensen)<\/h2>\n\n\n\n<div class=\"guten-element gutenverse-text-editor guten-H5rWBY animated guten-element-hide desktop-fadeInRight\"><div class=\"text-content-inner\">\n<p>Friedensk\u00fcche ist ein Kochabend f\u00fcr den Stadtteil Ottensen. Unser Motto ist, niemand muss sein Abendbrot allein essen und dieses Abendbrot darf auch die Kombination von mehreren leckeren Gerichten sein, die gemeinsam vorbereitet werden. Junge und \u00c4ltere begegnen einander, Nachbarn begegnen Nachbarn und genie\u00dfen einen sch\u00f6nen Abend. Der Ausklang geschieht am gemeinsamen Tisch, wo die besten Gespr\u00e4che entstehen und wo der Segen Gottes immer dabei ist. Ich mir sicher, dass Jesus, wie in seiner Zeit, gerne bei uns sitzen w\u00fcrde, denn die Berichte \u00fcber ihn, wo er mit Menschen beim Essen und Trinken sa\u00df und von Gottes Liebe erz\u00e4hlt hat, sind zahlreich. Der gemeinsame Tisch ist f\u00fcr mich die wahre Kirche.<\/p>\n<\/div><\/div>\n<\/div><\/div>\n<\/div><\/section><\/div>\n<\/div><\/div>\n<\/div><\/section><\/div>\n\n\n\n<div class=\"guten-element guten-gallery guten-GMO1PF layout-overlay grid-desktop-3 grid-tablet-2 grid-mobile-2\" data-grid=\"grid\"><div class=\"gutenverse-popup-gallery hidden\"><div class=\"gallery-header\"><div class=\"left-header\"><\/div><div class=\"right-header\"><svg xmlns=\"http:\/\/www.w3.org\/2000\/svg\" width=\"24\" height=\"24\" viewbox=\"0 0 24 24\" fill=\"none\" stroke=\"currentColor\" stroke-width=\"2\" stroke-linecap=\"round\" stroke-linejoin=\"round\" class=\"icon-fullscreen\"><path d=\"M8 3H5a2 2 0 0 0-2 2v3m18 0V5a2 2 0 0 0-2-2h-3m0 18h3a2 2 0 0 0 2-2v-3M3 16v3a2 2 0 0 0 2 2h3\"><\/path><\/svg><svg xmlns=\"http:\/\/www.w3.org\/2000\/svg\" width=\"24\" height=\"24\" viewbox=\"0 0 24 24\" fill=\"none\" stroke=\"currentColor\" stroke-width=\"2\" stroke-linecap=\"round\" stroke-linejoin=\"round\" class=\"icon-minimize hidden\"><path d=\"M8 3v3a2 2 0 0 1-2 2H3m18 0h-3a2 2 0 0 1-2-2V3m0 18v-3a2 2 0 0 1 2-2h3M3 16h3a2 2 0 0 1 2 2v3\"><\/path><\/svg><svg xmlns=\"http:\/\/www.w3.org\/2000\/svg\" width=\"24\" height=\"24\" viewbox=\"0 0 24 24\" fill=\"none\" stroke=\"currentColor\" stroke-width=\"2\" stroke-linecap=\"round\" stroke-linejoin=\"round\" class=\"icon-zoom\"><circle cx=\"11\" cy=\"11\" r=\"8\"><\/circle><line x1=\"21\" y1=\"21\" x2=\"16.65\" y2=\"16.65\"><\/line><line x1=\"11\" y1=\"8\" x2=\"11\" y2=\"14\"><\/line><line x1=\"8\" y1=\"11\" x2=\"14\" y2=\"11\"><\/line><\/svg><svg xmlns=\"http:\/\/www.w3.org\/2000\/svg\" width=\"24\" height=\"24\" viewbox=\"0 0 24 24\" fill=\"none\" stroke=\"currentColor\" stroke-width=\"2\" stroke-linecap=\"round\" stroke-linejoin=\"round\" class=\"icon-close\"><line x1=\"18\" y1=\"6\" x2=\"6\" y2=\"18\"><\/line><line x1=\"6\" y1=\"6\" x2=\"18\" y2=\"18\"><\/line><\/svg><\/div><\/div><div class=\"gallery-body\"><div class=\"images\"><div id=\"guten-GMO1PF\" class=\"swiper-container\"><div class=\"swiper-wrapper\"><div class=\"swiper-slide image-list\"><div class=\"content-image swiper-zoom-container\"><img decoding=\"async\" class=\"main-image\" src=\"https:\/\/thecookingpastor.com\/wp-content\/uploads\/2024\/03\/4D863587-1B3C-4311-9E83-C28A9F14BC25.jpg\"\/><\/div><\/div><div class=\"swiper-slide image-list\"><div class=\"content-image swiper-zoom-container\"><img decoding=\"async\" class=\"main-image\" src=\"https:\/\/thecookingpastor.com\/wp-content\/uploads\/2024\/03\/2B6D4A50-ACF0-435E-A9C3-A5B657D02620-scaled.jpeg\"\/><\/div><\/div><div class=\"swiper-slide image-list\"><div class=\"content-image swiper-zoom-container\"><img decoding=\"async\" class=\"main-image\" src=\"https:\/\/thecookingpastor.com\/wp-content\/uploads\/2024\/03\/IMG_7100-scaled.jpg\"\/><\/div><\/div><div class=\"swiper-slide image-list\"><div class=\"content-image swiper-zoom-container\"><img decoding=\"async\" class=\"main-image\" src=\"https:\/\/thecookingpastor.com\/wp-content\/uploads\/2024\/03\/IMG_7097-scaled.jpg\"\/><\/div><\/div><div class=\"swiper-slide image-list\"><div class=\"content-image swiper-zoom-container\"><img decoding=\"async\" class=\"main-image\" src=\"https:\/\/thecookingpastor.com\/wp-content\/uploads\/2024\/03\/IMG_0678-scaled.jpg\"\/><\/div><\/div><div class=\"swiper-slide image-list\"><div class=\"content-image swiper-zoom-container\"><img decoding=\"async\" class=\"main-image\" src=\"https:\/\/thecookingpastor.com\/wp-content\/uploads\/2024\/03\/61CE6431-C68C-4B62-88A5-F08F26380F0F-scaled.jpeg\"\/><\/div><\/div><\/div><div class=\"swiper-button-prev\"><\/div><div class=\"swiper-button-next\"><\/div><\/div><\/div><\/div><\/div><div class=\"gallery-items\" data-loaded=\"10\" data-max=\"6\"><div class=\"gallery-item-wrap\" data-index=\"0\"><div class=\"grid-item\"><div class=\"thumbnail-wrap\"><img decoding=\"async\" src=\"https:\/\/thecookingpastor.com\/wp-content\/uploads\/2024\/03\/4D863587-1B3C-4311-9E83-C28A9F14BC25.jpg\"\/><div class=\"caption-wrap style-overlay overlay-overlay animated fade-in\"><div class=\"item-hover-bg\"><\/div><div class=\"item-caption-over\"><h5 class=\"item-title\"><\/h5><div class=\"item-content\"><\/div><div class=\"item-buttons\"><div class=\"gallery-link zoom\"><span class=\"item-icon-inner\"><i class=\"fas fa-search-plus\" aria-hidden=\"true\"><\/i><\/span><\/div><\/div><\/div><div class=\"caption-head\"><\/div><\/div><\/div><\/div><\/div><div class=\"gallery-item-wrap\" data-index=\"1\"><div class=\"grid-item\"><div class=\"thumbnail-wrap\"><img decoding=\"async\" src=\"https:\/\/thecookingpastor.com\/wp-content\/uploads\/2024\/03\/2B6D4A50-ACF0-435E-A9C3-A5B657D02620-scaled.jpeg\"\/><div class=\"caption-wrap style-overlay overlay-overlay animated fade-in\"><div class=\"item-hover-bg\"><\/div><div class=\"item-caption-over\"><h5 class=\"item-title\"><\/h5><div class=\"item-content\"><\/div><div class=\"item-buttons\"><div class=\"gallery-link zoom\"><span class=\"item-icon-inner\"><i class=\"fas fa-search-plus\" aria-hidden=\"true\"><\/i><\/span><\/div><\/div><\/div><div class=\"caption-head\"><\/div><\/div><\/div><\/div><\/div><div class=\"gallery-item-wrap\" data-index=\"2\"><div class=\"grid-item\"><div class=\"thumbnail-wrap\"><img decoding=\"async\" src=\"https:\/\/thecookingpastor.com\/wp-content\/uploads\/2024\/03\/IMG_7100-scaled.jpg\"\/><div class=\"caption-wrap style-overlay overlay-overlay animated fade-in\"><div class=\"item-hover-bg\"><\/div><div class=\"item-caption-over\"><h5 class=\"item-title\"><\/h5><div class=\"item-content\"><\/div><div class=\"item-buttons\"><div class=\"gallery-link zoom\"><span class=\"item-icon-inner\"><i class=\"fas fa-search-plus\" aria-hidden=\"true\"><\/i><\/span><\/div><\/div><\/div><div class=\"caption-head\"><\/div><\/div><\/div><\/div><\/div><div class=\"gallery-item-wrap\" data-index=\"3\"><div class=\"grid-item\"><div class=\"thumbnail-wrap\"><img decoding=\"async\" src=\"https:\/\/thecookingpastor.com\/wp-content\/uploads\/2024\/03\/IMG_7097-scaled.jpg\"\/><div class=\"caption-wrap style-overlay overlay-overlay animated fade-in\"><div class=\"item-hover-bg\"><\/div><div class=\"item-caption-over\"><h5 class=\"item-title\"><\/h5><div class=\"item-content\"><\/div><div class=\"item-buttons\"><div class=\"gallery-link zoom\"><span class=\"item-icon-inner\"><i class=\"fas fa-search-plus\" aria-hidden=\"true\"><\/i><\/span><\/div><\/div><\/div><div class=\"caption-head\"><\/div><\/div><\/div><\/div><\/div><div class=\"gallery-item-wrap\" data-index=\"4\"><div class=\"grid-item\"><div class=\"thumbnail-wrap\"><img decoding=\"async\" src=\"https:\/\/thecookingpastor.com\/wp-content\/uploads\/2024\/03\/IMG_0678-scaled.jpg\"\/><div class=\"caption-wrap style-overlay overlay-overlay animated fade-in\"><div class=\"item-hover-bg\"><\/div><div class=\"item-caption-over\"><h5 class=\"item-title\"><\/h5><div class=\"item-content\"><\/div><div class=\"item-buttons\"><div class=\"gallery-link zoom\"><span class=\"item-icon-inner\"><i class=\"fas fa-search-plus\" aria-hidden=\"true\"><\/i><\/span><\/div><\/div><\/div><div class=\"caption-head\"><\/div><\/div><\/div><\/div><\/div><div class=\"gallery-item-wrap\" data-index=\"5\"><div class=\"grid-item\"><div class=\"thumbnail-wrap\"><img decoding=\"async\" src=\"https:\/\/thecookingpastor.com\/wp-content\/uploads\/2024\/03\/61CE6431-C68C-4B62-88A5-F08F26380F0F-scaled.jpeg\"\/><div class=\"caption-wrap style-overlay overlay-overlay animated fade-in\"><div class=\"item-hover-bg\"><\/div><div class=\"item-caption-over\"><h5 class=\"item-title\"><\/h5><div class=\"item-content\"><\/div><div class=\"item-buttons\"><div class=\"gallery-link zoom\"><span class=\"item-icon-inner\"><i class=\"fas fa-search-plus\" aria-hidden=\"true\"><\/i><\/span><\/div><\/div><\/div><div class=\"caption-head\"><\/div><\/div><\/div><\/div><\/div><\/div><\/div>","protected":false},"excerpt":{"rendered":"","protected":false},"author":3,"featured_media":56,"parent":77,"menu_order":0,"comment_status":"closed","ping_status":"closed","template":"","meta":{"footnotes":""},"class_list":["post-127","page","type-page","status-publish","has-post-thumbnail","hentry"],"_links":{"self":[{"href":"https:\/\/thecookingpastor.com\/en\/wp-json\/wp\/v2\/pages\/127","targetHints":{"allow":["GET"]}}],"collection":[{"href":"https:\/\/thecookingpastor.com\/en\/wp-json\/wp\/v2\/pages"}],"about":[{"href":"https:\/\/thecookingpastor.com\/en\/wp-json\/wp\/v2\/types\/page"}],"author":[{"embeddable":true,"href":"https:\/\/thecookingpastor.com\/en\/wp-json\/wp\/v2\/users\/3"}],"replies":[{"embeddable":true,"href":"https:\/\/thecookingpastor.com\/en\/wp-json\/wp\/v2\/comments?post=127"}],"version-history":[{"count":6,"href":"https:\/\/thecookingpastor.com\/en\/wp-json\/wp\/v2\/pages\/127\/revisions"}],"predecessor-version":[{"id":734,"href":"https:\/\/thecookingpastor.com\/en\/wp-json\/wp\/v2\/pages\/127\/revisions\/734"}],"up":[{"embeddable":true,"href":"https:\/\/thecookingpastor.com\/en\/wp-json\/wp\/v2\/pages\/77"}],"wp:featuredmedia":[{"embeddable":true,"href":"https:\/\/thecookingpastor.com\/en\/wp-json\/wp\/v2\/media\/56"}],"wp:attachment":[{"href":"https:\/\/thecookingpastor.com\/en\/wp-json\/wp\/v2\/media?parent=127"}],"curies":[{"name":"wp","href":"https:\/\/api.w.org\/{rel}","templated":true}]}}