{"id":125,"date":"2024-02-15T09:43:14","date_gmt":"2024-02-15T09:43:14","guid":{"rendered":"https:\/\/thecookingpastor.com\/?page_id=125"},"modified":"2024-04-02T08:21:40","modified_gmt":"2024-04-02T08:21:40","slug":"soulfood","status":"publish","type":"page","link":"https:\/\/thecookingpastor.com\/en\/meine-projekte\/soulfood\/","title":{"rendered":"SoulFood"},"content":{"rendered":"<div class=\"section-wrapper\" data-id=\"H8d2EO\"><section class=\"wp-block-gutenverse-section guten-element guten-section guten-H8d2EO layout-boxed align-stretch\"><div class=\"guten-background-overlay\"><\/div><div class=\"guten-shape-divider guten-shape-divider-top\"><\/div><div class=\"guten-shape-divider guten-shape-divider-bottom\"><\/div><div class=\"guten-container guten-column-gap-default\">\n<div class=\"wp-block-gutenverse-column guten-element guten-column guten-AoWPJO\"><div class=\"guten-background-overlay\"><\/div><div class=\"sticky-wrapper\" data-id=\"AoWPJO\"><div class=\"guten-column-wrapper\">\n<div class=\"section-wrapper\" data-id=\"PVvNz3\"><section class=\"wp-block-gutenverse-section guten-element guten-section guten-PVvNz3 layout-boxed align-stretch\"><div class=\"guten-background-overlay\"><\/div><div class=\"guten-shape-divider guten-shape-divider-top\"><\/div><div class=\"guten-shape-divider guten-shape-divider-bottom\"><\/div><div class=\"guten-container guten-column-gap-no\">\n<div class=\"wp-block-gutenverse-column guten-element guten-column guten-6v8Nk9 animated guten-element-hide desktop-fadeInLeft\"><div class=\"guten-background-overlay\"><\/div><div class=\"sticky-wrapper\" data-id=\"6v8Nk9\"><div class=\"guten-column-wrapper\">\n<div class=\"wp-block-gutenverse-image guten-element guten-image guten-h9yz16\"><a class=\"guten-image-wrapper\"><img loading=\"lazy\" decoding=\"async\" class=\"gutenverse-image-box-filled\" src=\"https:\/\/thecookingpastor.com\/wp-content\/uploads\/2024\/03\/IMG_8353.jpg\" height=\"461\" width=\"827\"\/><\/a><\/div>\n<\/div><\/div><\/div>\n\n\n\n<div class=\"wp-block-gutenverse-column guten-element guten-column guten-C2FamW\"><div class=\"guten-background-overlay\"><\/div><div class=\"sticky-wrapper\" data-id=\"C2FamW\"><div class=\"guten-column-wrapper\">\n<h2 class=\"wp-block-gutenverse-heading guten-element guten-rOTdRc animated guten-element-hide desktop-fadeInRight\">SoulFood<\/h2>\n\n\n\n<div class=\"guten-element gutenverse-text-editor guten-H5rWBY animated guten-element-hide desktop-fadeInRight\"><div class=\"text-content-inner\">\n<p>SoulFood ist das Herzst\u00fcck meiner Projekte. Es ist ein Brunch-Gottesdienst f\u00fcr junge Menschen, bei dem die alte gute Botschaft einen neuen Rahmen bekommt. Dabei sitzen unsere G\u00e4ste an einem mit frischen Br\u00f6tchen, leckeren selbstgemachten Brotaufstrichen und Salat gedeckten Tisch. Nebenbei werden frische Eier in die Pfanne geschlagen, so dass \u00fcberall im Raum leckere Aromen zu riechen sind. Die Message geschieht im Zusammenhang mit Live-Kochen und da bei uns jedes Thema mit dem Prozess des Kochens und mit den einzelnen Zutaten zu tun hat, kann das Geh\u00f6rte mit allen Sinnen aufgenommen und genossen werden. Mein Team und ich sorgen daf\u00fcr. Ich bin der Meinung, dass, um die Liebe Gottes einigerma\u00dfen begreiflich zu machen, viel mehr als Worte ben\u00f6tigt werden. Alle Sinne m\u00fcssen angesprochen werden und deswegen ist Fantasie und Spontaneit\u00e4t gefragt.<\/p>\n<\/div><\/div>\n<\/div><\/div><\/div>\n<\/div><\/section><\/div>\n<\/div><\/div><\/div>\n<\/div><\/section><\/div>\n\n\n\n<div class=\"guten-element guten-gallery guten-H3Y8J6 layout-overlay grid-desktop-3 grid-tablet-2 grid-mobile-2\" data-grid=\"grid\"><div class=\"gutenverse-popup-gallery hidden\"><div class=\"gallery-header\"><div class=\"left-header\"><\/div><div class=\"right-header\"><svg xmlns=\"http:\/\/www.w3.org\/2000\/svg\" width=\"24\" height=\"24\" viewbox=\"0 0 24 24\" fill=\"none\" stroke=\"currentColor\" stroke-width=\"2\" stroke-linecap=\"round\" stroke-linejoin=\"round\" class=\"icon-fullscreen\"><path d=\"M8 3H5a2 2 0 0 0-2 2v3m18 0V5a2 2 0 0 0-2-2h-3m0 18h3a2 2 0 0 0 2-2v-3M3 16v3a2 2 0 0 0 2 2h3\"><\/path><\/svg><svg xmlns=\"http:\/\/www.w3.org\/2000\/svg\" width=\"24\" height=\"24\" viewbox=\"0 0 24 24\" fill=\"none\" stroke=\"currentColor\" stroke-width=\"2\" stroke-linecap=\"round\" stroke-linejoin=\"round\" class=\"icon-minimize hidden\"><path d=\"M8 3v3a2 2 0 0 1-2 2H3m18 0h-3a2 2 0 0 1-2-2V3m0 18v-3a2 2 0 0 1 2-2h3M3 16h3a2 2 0 0 1 2 2v3\"><\/path><\/svg><svg xmlns=\"http:\/\/www.w3.org\/2000\/svg\" width=\"24\" height=\"24\" viewbox=\"0 0 24 24\" fill=\"none\" stroke=\"currentColor\" stroke-width=\"2\" stroke-linecap=\"round\" stroke-linejoin=\"round\" class=\"icon-zoom\"><circle cx=\"11\" cy=\"11\" r=\"8\"><\/circle><line x1=\"21\" y1=\"21\" x2=\"16.65\" y2=\"16.65\"><\/line><line x1=\"11\" y1=\"8\" x2=\"11\" y2=\"14\"><\/line><line x1=\"8\" y1=\"11\" x2=\"14\" y2=\"11\"><\/line><\/svg><svg xmlns=\"http:\/\/www.w3.org\/2000\/svg\" width=\"24\" height=\"24\" viewbox=\"0 0 24 24\" fill=\"none\" stroke=\"currentColor\" stroke-width=\"2\" stroke-linecap=\"round\" stroke-linejoin=\"round\" class=\"icon-close\"><line x1=\"18\" y1=\"6\" x2=\"6\" y2=\"18\"><\/line><line x1=\"6\" y1=\"6\" x2=\"18\" y2=\"18\"><\/line><\/svg><\/div><\/div><div class=\"gallery-body\"><div class=\"images\"><div id=\"guten-H3Y8J6\" class=\"swiper-container\"><div class=\"swiper-wrapper\"><div class=\"swiper-slide image-list\"><div class=\"content-image swiper-zoom-container\"><img decoding=\"async\" class=\"main-image\" src=\"https:\/\/thecookingpastor.com\/wp-content\/uploads\/2024\/03\/46C2B1B3-E621-4575-9FB7-EDB066052E87-scaled.jpg\"\/><\/div><\/div><div class=\"swiper-slide image-list\"><div class=\"content-image swiper-zoom-container\"><img decoding=\"async\" class=\"main-image\" src=\"https:\/\/thecookingpastor.com\/wp-content\/uploads\/2024\/03\/IMG_8353.jpg\"\/><\/div><\/div><div class=\"swiper-slide image-list\"><div class=\"content-image swiper-zoom-container\"><img decoding=\"async\" class=\"main-image\" src=\"https:\/\/thecookingpastor.com\/wp-content\/uploads\/2024\/03\/IMG_7589-scaled.jpg\"\/><\/div><\/div><div class=\"swiper-slide image-list\"><div class=\"content-image swiper-zoom-container\"><img decoding=\"async\" class=\"main-image\" src=\"https:\/\/thecookingpastor.com\/wp-content\/uploads\/2024\/03\/IMG_2640-scaled.jpg\"\/><\/div><\/div><div class=\"swiper-slide image-list\"><div class=\"content-image swiper-zoom-container\"><img decoding=\"async\" class=\"main-image\" src=\"https:\/\/thecookingpastor.com\/wp-content\/uploads\/2024\/03\/IMG_2638-scaled.jpg\"\/><\/div><\/div><div class=\"swiper-slide image-list\"><div class=\"content-image swiper-zoom-container\"><img decoding=\"async\" class=\"main-image\" src=\"https:\/\/thecookingpastor.com\/wp-content\/uploads\/2024\/03\/F0DF121E-0162-4204-83E5-DDB8F6A55698-scaled.jpeg\"\/><\/div><\/div><\/div><div class=\"swiper-button-prev\"><\/div><div class=\"swiper-button-next\"><\/div><\/div><\/div><\/div><\/div><div class=\"gallery-items\" data-loaded=\"12\" data-max=\"6\"><div class=\"gallery-item-wrap\" data-index=\"0\"><div class=\"grid-item\"><div class=\"thumbnail-wrap\"><img decoding=\"async\" src=\"https:\/\/thecookingpastor.com\/wp-content\/uploads\/2024\/03\/46C2B1B3-E621-4575-9FB7-EDB066052E87-scaled.jpg\"\/><div class=\"caption-wrap style-overlay overlay-overlay animated fade-in\"><div class=\"item-hover-bg\"><\/div><div class=\"item-caption-over\"><h5 class=\"item-title\"><\/h5><div class=\"item-content\"><\/div><div class=\"item-buttons\"><div class=\"gallery-link zoom\"><span class=\"item-icon-inner\"><i class=\"fas fa-search-plus\" aria-hidden=\"true\"><\/i><\/span><\/div><\/div><\/div><div class=\"caption-head\"><\/div><\/div><\/div><\/div><\/div><div class=\"gallery-item-wrap\" data-index=\"1\"><div class=\"grid-item\"><div class=\"thumbnail-wrap\"><img decoding=\"async\" src=\"https:\/\/thecookingpastor.com\/wp-content\/uploads\/2024\/03\/IMG_8353.jpg\"\/><div class=\"caption-wrap style-overlay overlay-overlay animated fade-in\"><div class=\"item-hover-bg\"><\/div><div class=\"item-caption-over\"><h5 class=\"item-title\"><\/h5><div class=\"item-content\"><\/div><div class=\"item-buttons\"><div class=\"gallery-link zoom\"><span class=\"item-icon-inner\"><i class=\"fas fa-search-plus\" aria-hidden=\"true\"><\/i><\/span><\/div><\/div><\/div><div class=\"caption-head\"><\/div><\/div><\/div><\/div><\/div><div class=\"gallery-item-wrap\" data-index=\"2\"><div class=\"grid-item\"><div class=\"thumbnail-wrap\"><img decoding=\"async\" src=\"https:\/\/thecookingpastor.com\/wp-content\/uploads\/2024\/03\/IMG_7589-scaled.jpg\"\/><div class=\"caption-wrap style-overlay overlay-overlay animated fade-in\"><div class=\"item-hover-bg\"><\/div><div class=\"item-caption-over\"><h5 class=\"item-title\"><\/h5><div class=\"item-content\"><\/div><div class=\"item-buttons\"><div class=\"gallery-link zoom\"><span class=\"item-icon-inner\"><i class=\"fas fa-search-plus\" aria-hidden=\"true\"><\/i><\/span><\/div><\/div><\/div><div class=\"caption-head\"><\/div><\/div><\/div><\/div><\/div><div class=\"gallery-item-wrap\" data-index=\"3\"><div class=\"grid-item\"><div class=\"thumbnail-wrap\"><img decoding=\"async\" src=\"https:\/\/thecookingpastor.com\/wp-content\/uploads\/2024\/03\/IMG_2640-scaled.jpg\"\/><div class=\"caption-wrap style-overlay overlay-overlay animated fade-in\"><div class=\"item-hover-bg\"><\/div><div class=\"item-caption-over\"><h5 class=\"item-title\"><\/h5><div class=\"item-content\"><\/div><div class=\"item-buttons\"><div class=\"gallery-link zoom\"><span class=\"item-icon-inner\"><i class=\"fas fa-search-plus\" aria-hidden=\"true\"><\/i><\/span><\/div><\/div><\/div><div class=\"caption-head\"><\/div><\/div><\/div><\/div><\/div><div class=\"gallery-item-wrap\" data-index=\"4\"><div class=\"grid-item\"><div class=\"thumbnail-wrap\"><img decoding=\"async\" src=\"https:\/\/thecookingpastor.com\/wp-content\/uploads\/2024\/03\/IMG_2638-scaled.jpg\"\/><div class=\"caption-wrap style-overlay overlay-overlay animated fade-in\"><div class=\"item-hover-bg\"><\/div><div class=\"item-caption-over\"><h5 class=\"item-title\"><\/h5><div class=\"item-content\"><\/div><div class=\"item-buttons\"><div class=\"gallery-link zoom\"><span class=\"item-icon-inner\"><i class=\"fas fa-search-plus\" aria-hidden=\"true\"><\/i><\/span><\/div><\/div><\/div><div class=\"caption-head\"><\/div><\/div><\/div><\/div><\/div><div class=\"gallery-item-wrap\" data-index=\"5\"><div class=\"grid-item\"><div class=\"thumbnail-wrap\"><img decoding=\"async\" src=\"https:\/\/thecookingpastor.com\/wp-content\/uploads\/2024\/03\/F0DF121E-0162-4204-83E5-DDB8F6A55698-scaled.jpeg\"\/><div class=\"caption-wrap style-overlay overlay-overlay animated fade-in\"><div class=\"item-hover-bg\"><\/div><div class=\"item-caption-over\"><h5 class=\"item-title\"><\/h5><div class=\"item-content\"><\/div><div class=\"item-buttons\"><div class=\"gallery-link zoom\"><span class=\"item-icon-inner\"><i class=\"fas fa-search-plus\" aria-hidden=\"true\"><\/i><\/span><\/div><\/div><\/div><div class=\"caption-head\"><\/div><\/div><\/div><\/div><\/div><\/div><\/div>","protected":false},"excerpt":{"rendered":"","protected":false},"author":3,"featured_media":0,"parent":77,"menu_order":0,"comment_status":"closed","ping_status":"closed","template":"","meta":{"footnotes":""},"class_list":["post-125","page","type-page","status-publish","hentry"],"_links":{"self":[{"href":"https:\/\/thecookingpastor.com\/en\/wp-json\/wp\/v2\/pages\/125","targetHints":{"allow":["GET"]}}],"collection":[{"href":"https:\/\/thecookingpastor.com\/en\/wp-json\/wp\/v2\/pages"}],"about":[{"href":"https:\/\/thecookingpastor.com\/en\/wp-json\/wp\/v2\/types\/page"}],"author":[{"embeddable":true,"href":"https:\/\/thecookingpastor.com\/en\/wp-json\/wp\/v2\/users\/3"}],"replies":[{"embeddable":true,"href":"https:\/\/thecookingpastor.com\/en\/wp-json\/wp\/v2\/comments?post=125"}],"version-history":[{"count":4,"href":"https:\/\/thecookingpastor.com\/en\/wp-json\/wp\/v2\/pages\/125\/revisions"}],"predecessor-version":[{"id":351,"href":"https:\/\/thecookingpastor.com\/en\/wp-json\/wp\/v2\/pages\/125\/revisions\/351"}],"up":[{"embeddable":true,"href":"https:\/\/thecookingpastor.com\/en\/wp-json\/wp\/v2\/pages\/77"}],"wp:attachment":[{"href":"https:\/\/thecookingpastor.com\/en\/wp-json\/wp\/v2\/media?parent=125"}],"curies":[{"name":"wp","href":"https:\/\/api.w.org\/{rel}","templated":true}]}}